{"id":14390,"date":"2025-01-17T09:52:03","date_gmt":"2025-01-17T09:52:03","guid":{"rendered":"https:\/\/promochaudiere.be\/produit\/groupe-de-securite-universel-4-4-1854555\/"},"modified":"2026-02-03T18:15:18","modified_gmt":"2026-02-03T17:15:18","slug":"groupe-de-securite-universel-4-4-1854555","status":"publish","type":"product","link":"https:\/\/promochaudiere.be\/nl\/product\/groupe-de-securite-universel-4-4-1854555\/","title":{"rendered":"GROUPE DE SECURITE UNIVERSEL 4\/4&Prime; 1854555"},"content":{"rendered":"<p>Ce groupe de s\u00e9curit\u00e9 prot\u00e8ge efficacement les chauffe-eaux contre les surpressions. Il r\u00e9gule la pression interne et emp\u00eache les risques de surchauffe. Facile \u00e0 installer, il assure une \u00e9vacuation automatique des exc\u00e8s de pression. Son mat\u00e9riau robuste lui conf\u00e8re une excellente durabilit\u00e9. Il garantit un fonctionnement s\u00fbr et optimal du chauffe-eau. Un composant essentiel pour s\u00e9curiser les installations sanitaires.<\/p>","protected":false},"excerpt":{"rendered":"<p>GROUPE DE SECURITE UNIVERSEL 4\/4&Prime; 1854555<\/p>","protected":false},"featured_media":22184,"comment_status":"open","ping_status":"closed","template":"","meta":[],"product_brand":[],"product_cat":[5675,8840],"product_tag":[],"class_list":{"0":"post-14390","1":"product","2":"type-product","3":"status-publish","4":"has-post-thumbnail","6":"product_cat-accessoire-boiler","7":"product_cat-test","9":"first","10":"instock","11":"sale","12":"taxable","13":"shipping-taxable","14":"purchasable","15":"product-type-simple"},"aioseo_notices":[],"_links":{"self":[{"href":"https:\/\/promochaudiere.be\/nl\/wp-json\/wp\/v2\/product\/14390","targetHints":{"allow":["GET"]}}],"collection":[{"href":"https:\/\/promochaudiere.be\/nl\/wp-json\/wp\/v2\/product"}],"about":[{"href":"https:\/\/promochaudiere.be\/nl\/wp-json\/wp\/v2\/types\/product"}],"replies":[{"embeddable":true,"href":"https:\/\/promochaudiere.be\/nl\/wp-json\/wp\/v2\/comments?post=14390"}],"version-history":[{"count":1,"href":"https:\/\/promochaudiere.be\/nl\/wp-json\/wp\/v2\/product\/14390\/revisions"}],"predecessor-version":[{"id":53032,"href":"https:\/\/promochaudiere.be\/nl\/wp-json\/wp\/v2\/product\/14390\/revisions\/53032"}],"wp:featuredmedia":[{"embeddable":true,"href":"https:\/\/promochaudiere.be\/nl\/wp-json\/wp\/v2\/media\/22184"}],"wp:attachment":[{"href":"https:\/\/promochaudiere.be\/nl\/wp-json\/wp\/v2\/media?parent=14390"}],"wp:term":[{"taxonomy":"product_brand","embeddable":true,"href":"https:\/\/promochaudiere.be\/nl\/wp-json\/wp\/v2\/product_brand?post=14390"},{"taxonomy":"product_cat","embeddable":true,"href":"https:\/\/promochaudiere.be\/nl\/wp-json\/wp\/v2\/product_cat?post=14390"},{"taxonomy":"product_tag","embeddable":true,"href":"https:\/\/promochaudiere.be\/nl\/wp-json\/wp\/v2\/product_tag?post=14390"}],"curies":[{"name":"wp","href":"https:\/\/api.w.org\/{rel}","templated":true}]}}