{"id":14392,"date":"2025-01-17T09:52:03","date_gmt":"2025-01-17T09:52:03","guid":{"rendered":"https:\/\/promochaudiere.be\/produit\/duco-clapet-multi-zone-d160-sensorless-ducobox-energy-00004760\/"},"modified":"2026-02-03T18:15:14","modified_gmt":"2026-02-03T17:15:14","slug":"duco-clapet-multi-zone-d160-sensorless-ducobox-energy-00004760","status":"publish","type":"product","link":"https:\/\/promochaudiere.be\/nl\/product\/duco-clapet-multi-zone-d160-sensorless-ducobox-energy-00004760\/","title":{"rendered":"DUCO CLAPET MULTI ZONE D160 SENSORLESS DUCOBOX ENERGY 00004760"},"content":{"rendered":"<p>Ce clapet de r\u00e9gulation assure une distribution homog\u00e8ne de l\u2019air dans les syst\u00e8mes de ventilation centralis\u00e9s. Il ajuste automatiquement le d\u00e9bit selon les besoins des diff\u00e9rentes zones. Son installation est simple et rapide, optimisant l\u2019efficacit\u00e9 du syst\u00e8me. Il contribue \u00e0 am\u00e9liorer la qualit\u00e9 de l\u2019air tout en r\u00e9duisant la consommation \u00e9nerg\u00e9tique. Sa conception robuste garantit une longue dur\u00e9e de vie. Un accessoire indispensable pour une ventilation intelligente et efficace.<\/p>","protected":false},"excerpt":{"rendered":"<p>DUCO CLAPET MULTI ZONE D160 SENSORLESS DUCOBOX ENERGY 00004760<\/p>","protected":false},"featured_media":22116,"comment_status":"open","ping_status":"closed","template":"","meta":[],"product_brand":[],"product_cat":[10943,8840],"product_tag":[],"class_list":{"0":"post-14392","1":"product","2":"type-product","3":"status-publish","4":"has-post-thumbnail","6":"product_cat-accessoires-duco","7":"product_cat-test","8":"pa_marque-duco","10":"first","11":"instock","12":"sale","13":"taxable","14":"shipping-taxable","15":"purchasable","16":"product-type-simple"},"aioseo_notices":[],"_links":{"self":[{"href":"https:\/\/promochaudiere.be\/nl\/wp-json\/wp\/v2\/product\/14392","targetHints":{"allow":["GET"]}}],"collection":[{"href":"https:\/\/promochaudiere.be\/nl\/wp-json\/wp\/v2\/product"}],"about":[{"href":"https:\/\/promochaudiere.be\/nl\/wp-json\/wp\/v2\/types\/product"}],"replies":[{"embeddable":true,"href":"https:\/\/promochaudiere.be\/nl\/wp-json\/wp\/v2\/comments?post=14392"}],"version-history":[{"count":1,"href":"https:\/\/promochaudiere.be\/nl\/wp-json\/wp\/v2\/product\/14392\/revisions"}],"predecessor-version":[{"id":45655,"href":"https:\/\/promochaudiere.be\/nl\/wp-json\/wp\/v2\/product\/14392\/revisions\/45655"}],"wp:featuredmedia":[{"embeddable":true,"href":"https:\/\/promochaudiere.be\/nl\/wp-json\/wp\/v2\/media\/22116"}],"wp:attachment":[{"href":"https:\/\/promochaudiere.be\/nl\/wp-json\/wp\/v2\/media?parent=14392"}],"wp:term":[{"taxonomy":"product_brand","embeddable":true,"href":"https:\/\/promochaudiere.be\/nl\/wp-json\/wp\/v2\/product_brand?post=14392"},{"taxonomy":"product_cat","embeddable":true,"href":"https:\/\/promochaudiere.be\/nl\/wp-json\/wp\/v2\/product_cat?post=14392"},{"taxonomy":"product_tag","embeddable":true,"href":"https:\/\/promochaudiere.be\/nl\/wp-json\/wp\/v2\/product_tag?post=14392"}],"curies":[{"name":"wp","href":"https:\/\/api.w.org\/{rel}","templated":true}]}}