{"id":14393,"date":"2025-01-17T09:52:04","date_gmt":"2025-01-17T09:52:04","guid":{"rendered":"https:\/\/promochaudiere.be\/produit\/duco-clapet-multi-zone-d125-sensorless-ducobox-energy-00004761\/"},"modified":"2026-02-03T18:15:14","modified_gmt":"2026-02-03T17:15:14","slug":"duco-clapet-multi-zone-d125-sensorless-ducobox-energy-00004761","status":"publish","type":"product","link":"https:\/\/promochaudiere.be\/nl\/product\/duco-clapet-multi-zone-d125-sensorless-ducobox-energy-00004761\/","title":{"rendered":"DUCO CLAPET MULTI ZONE D125 SENSORLESS DUCOBOX ENERGY 00004761"},"content":{"rendered":"<p>Ce clapet multi-zone permet un r\u00e9glage pr\u00e9cis du d\u00e9bit d\u2019air pour les syst\u00e8mes de ventilation DucoBox Energy. Il assure une gestion intelligente de la ventilation en fonction des besoins de chaque zone. Sa conception sensorless optimise la circulation de l\u2019air tout en r\u00e9duisant la consommation \u00e9nerg\u00e9tique. Facile \u00e0 installer, il s\u2019int\u00e8gre parfaitement aux infrastructures existantes. Fabriqu\u00e9 avec des mat\u00e9riaux de qualit\u00e9, il garantit une excellente durabilit\u00e9. Un composant essentiel pour une ventilation performante et \u00e9co\u00e9nerg\u00e9tique.<\/p>","protected":false},"excerpt":{"rendered":"<p>DUCO CLAPET MULTI ZONE D125 SENSORLESS DUCOBOX ENERGY 00004761<\/p>","protected":false},"featured_media":22120,"comment_status":"open","ping_status":"closed","template":"","meta":[],"product_brand":[],"product_cat":[10943,8840],"product_tag":[],"class_list":{"0":"post-14393","1":"product","2":"type-product","3":"status-publish","4":"has-post-thumbnail","6":"product_cat-accessoires-duco","7":"product_cat-test","8":"pa_marque-duco","10":"first","11":"instock","12":"sale","13":"taxable","14":"shipping-taxable","15":"purchasable","16":"product-type-simple"},"aioseo_notices":[],"_links":{"self":[{"href":"https:\/\/promochaudiere.be\/nl\/wp-json\/wp\/v2\/product\/14393","targetHints":{"allow":["GET"]}}],"collection":[{"href":"https:\/\/promochaudiere.be\/nl\/wp-json\/wp\/v2\/product"}],"about":[{"href":"https:\/\/promochaudiere.be\/nl\/wp-json\/wp\/v2\/types\/product"}],"replies":[{"embeddable":true,"href":"https:\/\/promochaudiere.be\/nl\/wp-json\/wp\/v2\/comments?post=14393"}],"version-history":[{"count":1,"href":"https:\/\/promochaudiere.be\/nl\/wp-json\/wp\/v2\/product\/14393\/revisions"}],"predecessor-version":[{"id":45653,"href":"https:\/\/promochaudiere.be\/nl\/wp-json\/wp\/v2\/product\/14393\/revisions\/45653"}],"wp:featuredmedia":[{"embeddable":true,"href":"https:\/\/promochaudiere.be\/nl\/wp-json\/wp\/v2\/media\/22120"}],"wp:attachment":[{"href":"https:\/\/promochaudiere.be\/nl\/wp-json\/wp\/v2\/media?parent=14393"}],"wp:term":[{"taxonomy":"product_brand","embeddable":true,"href":"https:\/\/promochaudiere.be\/nl\/wp-json\/wp\/v2\/product_brand?post=14393"},{"taxonomy":"product_cat","embeddable":true,"href":"https:\/\/promochaudiere.be\/nl\/wp-json\/wp\/v2\/product_cat?post=14393"},{"taxonomy":"product_tag","embeddable":true,"href":"https:\/\/promochaudiere.be\/nl\/wp-json\/wp\/v2\/product_tag?post=14393"}],"curies":[{"name":"wp","href":"https:\/\/api.w.org\/{rel}","templated":true}]}}