{"id":14394,"date":"2025-01-17T09:52:04","date_gmt":"2025-01-17T09:52:04","guid":{"rendered":"https:\/\/promochaudiere.be\/produit\/passage-de-toit-isole-pour-systeme-de-ventilation-160-190mm-1m-alu-noir-eps-400480600\/"},"modified":"2026-02-03T18:15:17","modified_gmt":"2026-02-03T17:15:17","slug":"passage-de-toit-isole-pour-systeme-de-ventilation-160-190mm-1m-alu-noir-eps-400480600","status":"publish","type":"product","link":"https:\/\/promochaudiere.be\/nl\/product\/passage-de-toit-isole-pour-systeme-de-ventilation-160-190mm-1m-alu-noir-eps-400480600\/","title":{"rendered":"PASSAGE DE TOIT ISOLE POUR SYSTEME DE VENTILATION 160-190MM 1M ALU\/NOIR EPS 400480600"},"content":{"rendered":"<p>Ce passage de toit isol\u00e9 est con\u00e7u pour les syst\u00e8mes de ventilation n\u00e9cessitant une sortie de \u00d8125mm. Son isolation renforc\u00e9e emp\u00eache les pertes thermiques et assure une excellente \u00e9tanch\u00e9it\u00e9. Il prot\u00e8ge efficacement contre les infiltrations et les condensations. Son installation est simple et rapide, adapt\u00e9e aux diff\u00e9rents types de toitures. Id\u00e9al pour les b\u00e2timents r\u00e9sidentiels et commerciaux cherchant une ventilation efficace. Un \u00e9l\u00e9ment cl\u00e9 pour une installation durable et performante.<\/p>","protected":false},"excerpt":{"rendered":"<p>PASSAGE DE TOIT ISOLE POUR SYSTEME DE VENTILATION 160-190MM 1M ALU\/NOIR EPS 400480600<\/p>","protected":false},"featured_media":22259,"comment_status":"open","ping_status":"closed","template":"","meta":[],"product_brand":[],"product_cat":[2791,8840],"product_tag":[],"class_list":{"0":"post-14394","1":"product","2":"type-product","3":"status-publish","4":"has-post-thumbnail","6":"product_cat-accessoires-de-ventilation","7":"product_cat-test","9":"first","10":"instock","11":"sale","12":"taxable","13":"shipping-taxable","14":"purchasable","15":"product-type-simple"},"aioseo_notices":[],"_links":{"self":[{"href":"https:\/\/promochaudiere.be\/nl\/wp-json\/wp\/v2\/product\/14394","targetHints":{"allow":["GET"]}}],"collection":[{"href":"https:\/\/promochaudiere.be\/nl\/wp-json\/wp\/v2\/product"}],"about":[{"href":"https:\/\/promochaudiere.be\/nl\/wp-json\/wp\/v2\/types\/product"}],"replies":[{"embeddable":true,"href":"https:\/\/promochaudiere.be\/nl\/wp-json\/wp\/v2\/comments?post=14394"}],"version-history":[{"count":1,"href":"https:\/\/promochaudiere.be\/nl\/wp-json\/wp\/v2\/product\/14394\/revisions"}],"predecessor-version":[{"id":53031,"href":"https:\/\/promochaudiere.be\/nl\/wp-json\/wp\/v2\/product\/14394\/revisions\/53031"}],"wp:featuredmedia":[{"embeddable":true,"href":"https:\/\/promochaudiere.be\/nl\/wp-json\/wp\/v2\/media\/22259"}],"wp:attachment":[{"href":"https:\/\/promochaudiere.be\/nl\/wp-json\/wp\/v2\/media?parent=14394"}],"wp:term":[{"taxonomy":"product_brand","embeddable":true,"href":"https:\/\/promochaudiere.be\/nl\/wp-json\/wp\/v2\/product_brand?post=14394"},{"taxonomy":"product_cat","embeddable":true,"href":"https:\/\/promochaudiere.be\/nl\/wp-json\/wp\/v2\/product_cat?post=14394"},{"taxonomy":"product_tag","embeddable":true,"href":"https:\/\/promochaudiere.be\/nl\/wp-json\/wp\/v2\/product_tag?post=14394"}],"curies":[{"name":"wp","href":"https:\/\/api.w.org\/{rel}","templated":true}]}}