{"id":14395,"date":"2025-01-17T09:52:04","date_gmt":"2025-01-17T09:52:04","guid":{"rendered":"https:\/\/promochaudiere.be\/produit\/wilo-piece-de-rattrapage-pompe-a-brides-f4-dn50-30mm-110681292\/"},"modified":"2026-02-03T18:15:16","modified_gmt":"2026-02-03T17:15:16","slug":"wilo-piece-de-rattrapage-pompe-a-brides-f4-dn50-30mm-110681292","status":"publish","type":"product","link":"https:\/\/promochaudiere.be\/nl\/product\/wilo-piece-de-rattrapage-pompe-a-brides-f4-dn50-30mm-110681292\/","title":{"rendered":"WILO  PIECE DE RATTRAPAGE POMPE A BRIDES F4 DN50 30MM 110681292"},"content":{"rendered":"<p>Cette pi\u00e8ce de rattrapage Wilo est con\u00e7ue pour ajuster l\u2019installation des pompes \u00e0 brides DN50. Elle assure une connexion \u00e9tanche et une compatibilit\u00e9 optimale avec les syst\u00e8mes hydrauliques. Fabriqu\u00e9e en mat\u00e9riau robuste, elle garantit une longue dur\u00e9e de vie. Facile \u00e0 poser, elle simplifie la maintenance des installations. Un composant cl\u00e9 pour une adaptation flexible.<\/p>","protected":false},"excerpt":{"rendered":"<p>WILO  PIECE DE RATTRAPAGE POMPE A BRIDES F4 DN50 30MM 110681292<\/p>","protected":false},"featured_media":22506,"comment_status":"open","ping_status":"closed","template":"","meta":[],"product_brand":[],"product_cat":[660,8840],"product_tag":[],"class_list":{"0":"post-14395","1":"product","2":"type-product","3":"status-publish","4":"has-post-thumbnail","6":"product_cat-circulateur","7":"product_cat-test","8":"pa_marque-wilo","10":"first","11":"instock","12":"sale","13":"taxable","14":"shipping-taxable","15":"purchasable","16":"product-type-simple"},"aioseo_notices":[],"_links":{"self":[{"href":"https:\/\/promochaudiere.be\/nl\/wp-json\/wp\/v2\/product\/14395","targetHints":{"allow":["GET"]}}],"collection":[{"href":"https:\/\/promochaudiere.be\/nl\/wp-json\/wp\/v2\/product"}],"about":[{"href":"https:\/\/promochaudiere.be\/nl\/wp-json\/wp\/v2\/types\/product"}],"replies":[{"embeddable":true,"href":"https:\/\/promochaudiere.be\/nl\/wp-json\/wp\/v2\/comments?post=14395"}],"version-history":[{"count":1,"href":"https:\/\/promochaudiere.be\/nl\/wp-json\/wp\/v2\/product\/14395\/revisions"}],"predecessor-version":[{"id":53030,"href":"https:\/\/promochaudiere.be\/nl\/wp-json\/wp\/v2\/product\/14395\/revisions\/53030"}],"wp:featuredmedia":[{"embeddable":true,"href":"https:\/\/promochaudiere.be\/nl\/wp-json\/wp\/v2\/media\/22506"}],"wp:attachment":[{"href":"https:\/\/promochaudiere.be\/nl\/wp-json\/wp\/v2\/media?parent=14395"}],"wp:term":[{"taxonomy":"product_brand","embeddable":true,"href":"https:\/\/promochaudiere.be\/nl\/wp-json\/wp\/v2\/product_brand?post=14395"},{"taxonomy":"product_cat","embeddable":true,"href":"https:\/\/promochaudiere.be\/nl\/wp-json\/wp\/v2\/product_cat?post=14395"},{"taxonomy":"product_tag","embeddable":true,"href":"https:\/\/promochaudiere.be\/nl\/wp-json\/wp\/v2\/product_tag?post=14395"}],"curies":[{"name":"wp","href":"https:\/\/api.w.org\/{rel}","templated":true}]}}