{"id":14397,"date":"2025-01-17T09:52:05","date_gmt":"2025-01-17T09:52:05","guid":{"rendered":"https:\/\/promochaudiere.be\/produit\/honeywell-filtre-triplex-ff60\/"},"modified":"2026-02-03T19:39:55","modified_gmt":"2026-02-03T18:39:55","slug":"honeywell-filtre-triplex-ff60","status":"publish","type":"product","link":"https:\/\/promochaudiere.be\/nl\/product\/honeywell-filtre-triplex-ff60\/","title":{"rendered":"Honeywell filtre triplex FF60"},"content":{"rendered":"<p>Le filtre triplex Honeywell FF60 permet une filtration avanc\u00e9e de l\u2019eau en combinant trois niveaux de purification. Il \u00e9limine efficacement les particules, les contaminants chimiques et les micro-organismes. Son syst\u00e8me modulaire facilite son installation et son entretien. Id\u00e9al pour une utilisation domestique et industrielle, il garantit une eau de qualit\u00e9 optimale.<\/p>","protected":false},"excerpt":{"rendered":"<p>Honeywell filtre triplex FF60<\/p>","protected":false},"featured_media":21597,"comment_status":"open","ping_status":"closed","template":"","meta":[],"product_brand":[],"product_cat":[336,8840],"product_tag":[],"class_list":{"0":"post-14397","1":"product","2":"type-product","3":"status-publish","4":"has-post-thumbnail","6":"product_cat-filtre-traitement-deau","7":"product_cat-test","8":"pa_marque-honeywell","10":"first","11":"instock","12":"sale","13":"taxable","14":"shipping-taxable","15":"purchasable","16":"product-type-simple"},"aioseo_notices":[],"_links":{"self":[{"href":"https:\/\/promochaudiere.be\/nl\/wp-json\/wp\/v2\/product\/14397","targetHints":{"allow":["GET"]}}],"collection":[{"href":"https:\/\/promochaudiere.be\/nl\/wp-json\/wp\/v2\/product"}],"about":[{"href":"https:\/\/promochaudiere.be\/nl\/wp-json\/wp\/v2\/types\/product"}],"replies":[{"embeddable":true,"href":"https:\/\/promochaudiere.be\/nl\/wp-json\/wp\/v2\/comments?post=14397"}],"version-history":[{"count":1,"href":"https:\/\/promochaudiere.be\/nl\/wp-json\/wp\/v2\/product\/14397\/revisions"}],"predecessor-version":[{"id":45652,"href":"https:\/\/promochaudiere.be\/nl\/wp-json\/wp\/v2\/product\/14397\/revisions\/45652"}],"wp:featuredmedia":[{"embeddable":true,"href":"https:\/\/promochaudiere.be\/nl\/wp-json\/wp\/v2\/media\/21597"}],"wp:attachment":[{"href":"https:\/\/promochaudiere.be\/nl\/wp-json\/wp\/v2\/media?parent=14397"}],"wp:term":[{"taxonomy":"product_brand","embeddable":true,"href":"https:\/\/promochaudiere.be\/nl\/wp-json\/wp\/v2\/product_brand?post=14397"},{"taxonomy":"product_cat","embeddable":true,"href":"https:\/\/promochaudiere.be\/nl\/wp-json\/wp\/v2\/product_cat?post=14397"},{"taxonomy":"product_tag","embeddable":true,"href":"https:\/\/promochaudiere.be\/nl\/wp-json\/wp\/v2\/product_tag?post=14397"}],"curies":[{"name":"wp","href":"https:\/\/api.w.org\/{rel}","templated":true}]}}