{"id":14398,"date":"2025-01-17T09:52:05","date_gmt":"2025-01-17T09:52:05","guid":{"rendered":"https:\/\/promochaudiere.be\/produit\/spiro-d-separateur-de-boueaimant-4-4-universel-ue100whk54\/"},"modified":"2026-02-03T18:15:13","modified_gmt":"2026-02-03T17:15:13","slug":"spiro-d-separateur-de-boueaimant-4-4-universel-ue100whk54","status":"publish","type":"product","link":"https:\/\/promochaudiere.be\/nl\/product\/spiro-d-separateur-de-boueaimant-4-4-universel-ue100whk54\/","title":{"rendered":"SPIRO D-SEPARATEUR DE BOUE+AIMANT 4\/4&Prime; UNIVERSEL UE100WHK54"},"content":{"rendered":"<p>Ce s\u00e9parateur de boue Spiro D est con\u00e7u pour capturer les impuret\u00e9s et particules m\u00e9talliques dans les circuits de chauffage. Son raccordement en 4\/4&Prime; le rend compatible avec de nombreuses installations. L\u2019aimant int\u00e9gr\u00e9 garantit une \u00e9limination efficace des r\u00e9sidus, am\u00e9liorant ainsi la circulation et l\u2019efficacit\u00e9 thermique. Sa conception robuste assure une longue dur\u00e9e de vie et un entretien simplifi\u00e9. Id\u00e9al pour prot\u00e9ger les syst\u00e8mes de chauffage et r\u00e9duire les risques d\u2019encrassement.<\/p>","protected":false},"excerpt":{"rendered":"<p>SPIRO D-SEPARATEUR DE BOUE+AIMANT 4\/4&Prime; UNIVERSEL UE100WHK54<\/p>","protected":false},"featured_media":22335,"comment_status":"open","ping_status":"closed","template":"","meta":[],"product_brand":[],"product_cat":[5527,8840],"product_tag":[],"class_list":{"0":"post-14398","1":"product","2":"type-product","3":"status-publish","4":"has-post-thumbnail","6":"product_cat-separation-dair-et-de-boues","7":"product_cat-test","9":"first","10":"instock","11":"sale","12":"taxable","13":"shipping-taxable","14":"purchasable","15":"product-type-simple"},"aioseo_notices":[],"_links":{"self":[{"href":"https:\/\/promochaudiere.be\/nl\/wp-json\/wp\/v2\/product\/14398","targetHints":{"allow":["GET"]}}],"collection":[{"href":"https:\/\/promochaudiere.be\/nl\/wp-json\/wp\/v2\/product"}],"about":[{"href":"https:\/\/promochaudiere.be\/nl\/wp-json\/wp\/v2\/types\/product"}],"replies":[{"embeddable":true,"href":"https:\/\/promochaudiere.be\/nl\/wp-json\/wp\/v2\/comments?post=14398"}],"version-history":[{"count":1,"href":"https:\/\/promochaudiere.be\/nl\/wp-json\/wp\/v2\/product\/14398\/revisions"}],"predecessor-version":[{"id":53029,"href":"https:\/\/promochaudiere.be\/nl\/wp-json\/wp\/v2\/product\/14398\/revisions\/53029"}],"wp:featuredmedia":[{"embeddable":true,"href":"https:\/\/promochaudiere.be\/nl\/wp-json\/wp\/v2\/media\/22335"}],"wp:attachment":[{"href":"https:\/\/promochaudiere.be\/nl\/wp-json\/wp\/v2\/media?parent=14398"}],"wp:term":[{"taxonomy":"product_brand","embeddable":true,"href":"https:\/\/promochaudiere.be\/nl\/wp-json\/wp\/v2\/product_brand?post=14398"},{"taxonomy":"product_cat","embeddable":true,"href":"https:\/\/promochaudiere.be\/nl\/wp-json\/wp\/v2\/product_cat?post=14398"},{"taxonomy":"product_tag","embeddable":true,"href":"https:\/\/promochaudiere.be\/nl\/wp-json\/wp\/v2\/product_tag?post=14398"}],"curies":[{"name":"wp","href":"https:\/\/api.w.org\/{rel}","templated":true}]}}