{"id":14407,"date":"2025-01-17T09:52:08","date_gmt":"2025-01-17T09:52:08","guid":{"rendered":"https:\/\/promochaudiere.be\/produit\/kit-passage-de-toit-alu-tube-fumees-noir-150-1200mm-0702384\/"},"modified":"2026-02-03T18:15:16","modified_gmt":"2026-02-03T17:15:16","slug":"kit-passage-de-toit-alu-tube-fumees-noir-150-1200mm-0702384","status":"publish","type":"product","link":"https:\/\/promochaudiere.be\/nl\/product\/kit-passage-de-toit-alu-tube-fumees-noir-150-1200mm-0702384\/","title":{"rendered":"KIT PASSAGE DE TOIT ALU TUBE FUMEES NOIR 150-1200MM 0702384"},"content":{"rendered":"<p>Ce kit de passage de toit est con\u00e7u pour les conduits de fum\u00e9es de 150 \u00e0 180 mm. Son mat\u00e9riau en aluminium offre une r\u00e9sistance optimale aux intemp\u00e9ries. Il assure une installation rapide et efficace. Son design noir s\u2019adapte \u00e0 diff\u00e9rents styles de toitures. Un \u00e9l\u00e9ment cl\u00e9 pour garantir une \u00e9vacuation s\u00fbre des fum\u00e9es.<\/p>","protected":false},"excerpt":{"rendered":"<p>KIT PASSAGE DE TOIT ALU TUBE FUMEES NOIR 150-1200MM 0702384<\/p>","protected":false},"featured_media":21752,"comment_status":"open","ping_status":"closed","template":"","meta":[],"product_brand":[],"product_cat":[5545,8840],"product_tag":[],"class_list":{"0":"post-14407","1":"product","2":"type-product","3":"status-publish","4":"has-post-thumbnail","6":"product_cat-passage-de-toit","7":"product_cat-test","9":"first","10":"instock","11":"sale","12":"taxable","13":"shipping-taxable","14":"purchasable","15":"product-type-simple"},"aioseo_notices":[],"_links":{"self":[{"href":"https:\/\/promochaudiere.be\/nl\/wp-json\/wp\/v2\/product\/14407","targetHints":{"allow":["GET"]}}],"collection":[{"href":"https:\/\/promochaudiere.be\/nl\/wp-json\/wp\/v2\/product"}],"about":[{"href":"https:\/\/promochaudiere.be\/nl\/wp-json\/wp\/v2\/types\/product"}],"replies":[{"embeddable":true,"href":"https:\/\/promochaudiere.be\/nl\/wp-json\/wp\/v2\/comments?post=14407"}],"version-history":[{"count":1,"href":"https:\/\/promochaudiere.be\/nl\/wp-json\/wp\/v2\/product\/14407\/revisions"}],"predecessor-version":[{"id":53027,"href":"https:\/\/promochaudiere.be\/nl\/wp-json\/wp\/v2\/product\/14407\/revisions\/53027"}],"wp:featuredmedia":[{"embeddable":true,"href":"https:\/\/promochaudiere.be\/nl\/wp-json\/wp\/v2\/media\/21752"}],"wp:attachment":[{"href":"https:\/\/promochaudiere.be\/nl\/wp-json\/wp\/v2\/media?parent=14407"}],"wp:term":[{"taxonomy":"product_brand","embeddable":true,"href":"https:\/\/promochaudiere.be\/nl\/wp-json\/wp\/v2\/product_brand?post=14407"},{"taxonomy":"product_cat","embeddable":true,"href":"https:\/\/promochaudiere.be\/nl\/wp-json\/wp\/v2\/product_cat?post=14407"},{"taxonomy":"product_tag","embeddable":true,"href":"https:\/\/promochaudiere.be\/nl\/wp-json\/wp\/v2\/product_tag?post=14407"}],"curies":[{"name":"wp","href":"https:\/\/api.w.org\/{rel}","templated":true}]}}