{"id":14408,"date":"2025-01-17T09:52:09","date_gmt":"2025-01-17T09:52:09","guid":{"rendered":"https:\/\/promochaudiere.be\/produit\/paktermo-plt-gaz-manchon-dn406-4-p26f205\/"},"modified":"2026-02-03T18:15:15","modified_gmt":"2026-02-03T17:15:15","slug":"paktermo-plt-gaz-manchon-dn406-4-p26f205","status":"publish","type":"product","link":"https:\/\/promochaudiere.be\/nl\/product\/paktermo-plt-gaz-manchon-dn406-4-p26f205\/","title":{"rendered":"PAKTERMO PLT GAZ MANCHON DN40(6\/4&Prime;) P26F205"},"content":{"rendered":"<p>Ce manchon Paktermo en DN40 permet une jonction fiable des conduits de gaz. Son mat\u00e9riau robuste assure une excellente r\u00e9sistance aux pressions \u00e9lev\u00e9es. Facile \u00e0 installer, il garantit une \u00e9tanch\u00e9it\u00e9 optimale. Un composant essentiel pour les installations de gaz s\u00e9curis\u00e9es.<\/p>","protected":false},"excerpt":{"rendered":"<p>PAKTERMO PLT GAZ MANCHON DN40(6\/4&Prime;) P26F205<\/p>","protected":false},"featured_media":22603,"comment_status":"open","ping_status":"closed","template":"","meta":[],"product_brand":[],"product_cat":[820,8840],"product_tag":[],"class_list":{"0":"post-14408","1":"product","2":"type-product","3":"status-publish","4":"has-post-thumbnail","6":"product_cat-plt-gaz","7":"product_cat-test","8":"pa_marque-paktermo","10":"first","11":"instock","12":"sale","13":"taxable","14":"shipping-taxable","15":"purchasable","16":"product-type-simple"},"aioseo_notices":[],"_links":{"self":[{"href":"https:\/\/promochaudiere.be\/nl\/wp-json\/wp\/v2\/product\/14408","targetHints":{"allow":["GET"]}}],"collection":[{"href":"https:\/\/promochaudiere.be\/nl\/wp-json\/wp\/v2\/product"}],"about":[{"href":"https:\/\/promochaudiere.be\/nl\/wp-json\/wp\/v2\/types\/product"}],"replies":[{"embeddable":true,"href":"https:\/\/promochaudiere.be\/nl\/wp-json\/wp\/v2\/comments?post=14408"}],"version-history":[{"count":1,"href":"https:\/\/promochaudiere.be\/nl\/wp-json\/wp\/v2\/product\/14408\/revisions"}],"predecessor-version":[{"id":45642,"href":"https:\/\/promochaudiere.be\/nl\/wp-json\/wp\/v2\/product\/14408\/revisions\/45642"}],"wp:featuredmedia":[{"embeddable":true,"href":"https:\/\/promochaudiere.be\/nl\/wp-json\/wp\/v2\/media\/22603"}],"wp:attachment":[{"href":"https:\/\/promochaudiere.be\/nl\/wp-json\/wp\/v2\/media?parent=14408"}],"wp:term":[{"taxonomy":"product_brand","embeddable":true,"href":"https:\/\/promochaudiere.be\/nl\/wp-json\/wp\/v2\/product_brand?post=14408"},{"taxonomy":"product_cat","embeddable":true,"href":"https:\/\/promochaudiere.be\/nl\/wp-json\/wp\/v2\/product_cat?post=14408"},{"taxonomy":"product_tag","embeddable":true,"href":"https:\/\/promochaudiere.be\/nl\/wp-json\/wp\/v2\/product_tag?post=14408"}],"curies":[{"name":"wp","href":"https:\/\/api.w.org\/{rel}","templated":true}]}}