{"id":14409,"date":"2025-01-17T09:52:09","date_gmt":"2025-01-17T09:52:09","guid":{"rendered":"https:\/\/promochaudiere.be\/produit\/spiro-d-separateur-de-boueaimant-28mm-universel-ue028whk54\/"},"modified":"2026-02-03T18:15:15","modified_gmt":"2026-02-03T17:15:15","slug":"spiro-d-separateur-de-boueaimant-28mm-universel-ue028whk54","status":"publish","type":"product","link":"https:\/\/promochaudiere.be\/nl\/product\/spiro-d-separateur-de-boueaimant-28mm-universel-ue028whk54\/","title":{"rendered":"SPIRO D-SEPARATEUR DE BOUE+AIMANT 28MM UNIVERSEL UE028WHK54"},"content":{"rendered":"<p>Ce s\u00e9parateur Spiro D est con\u00e7u pour \u00e9liminer les boues et particules m\u00e9talliques dans les circuits hydrauliques. Son raccord en 28mm assure une compatibilit\u00e9 avec divers syst\u00e8mes de chauffage. L\u2019aimant int\u00e9gr\u00e9 capture efficacement les impuret\u00e9s, r\u00e9duisant ainsi le risque d\u2019encrassement. Facile \u00e0 poser, il am\u00e9liore la circulation et optimise le rendement \u00e9nerg\u00e9tique. Un choix id\u00e9al pour pr\u00e9server la performance des installations. Un \u00e9l\u00e9ment cl\u00e9 pour une maintenance simplifi\u00e9e.<\/p>","protected":false},"excerpt":{"rendered":"<p>SPIRO D-SEPARATEUR DE BOUE+AIMANT 28MM UNIVERSEL UE028WHK54<\/p>","protected":false},"featured_media":22340,"comment_status":"open","ping_status":"closed","template":"","meta":[],"product_brand":[],"product_cat":[5527,8840],"product_tag":[],"class_list":{"0":"post-14409","1":"product","2":"type-product","3":"status-publish","4":"has-post-thumbnail","6":"product_cat-separation-dair-et-de-boues","7":"product_cat-test","9":"first","10":"instock","11":"sale","12":"taxable","13":"shipping-taxable","14":"purchasable","15":"product-type-simple"},"aioseo_notices":[],"_links":{"self":[{"href":"https:\/\/promochaudiere.be\/nl\/wp-json\/wp\/v2\/product\/14409","targetHints":{"allow":["GET"]}}],"collection":[{"href":"https:\/\/promochaudiere.be\/nl\/wp-json\/wp\/v2\/product"}],"about":[{"href":"https:\/\/promochaudiere.be\/nl\/wp-json\/wp\/v2\/types\/product"}],"replies":[{"embeddable":true,"href":"https:\/\/promochaudiere.be\/nl\/wp-json\/wp\/v2\/comments?post=14409"}],"version-history":[{"count":1,"href":"https:\/\/promochaudiere.be\/nl\/wp-json\/wp\/v2\/product\/14409\/revisions"}],"predecessor-version":[{"id":53026,"href":"https:\/\/promochaudiere.be\/nl\/wp-json\/wp\/v2\/product\/14409\/revisions\/53026"}],"wp:featuredmedia":[{"embeddable":true,"href":"https:\/\/promochaudiere.be\/nl\/wp-json\/wp\/v2\/media\/22340"}],"wp:attachment":[{"href":"https:\/\/promochaudiere.be\/nl\/wp-json\/wp\/v2\/media?parent=14409"}],"wp:term":[{"taxonomy":"product_brand","embeddable":true,"href":"https:\/\/promochaudiere.be\/nl\/wp-json\/wp\/v2\/product_brand?post=14409"},{"taxonomy":"product_cat","embeddable":true,"href":"https:\/\/promochaudiere.be\/nl\/wp-json\/wp\/v2\/product_cat?post=14409"},{"taxonomy":"product_tag","embeddable":true,"href":"https:\/\/promochaudiere.be\/nl\/wp-json\/wp\/v2\/product_tag?post=14409"}],"curies":[{"name":"wp","href":"https:\/\/api.w.org\/{rel}","templated":true}]}}