{"id":14411,"date":"2025-01-17T09:52:10","date_gmt":"2025-01-17T09:52:10","guid":{"rendered":"https:\/\/promochaudiere.be\/produit\/zehnder-t-pour-tube-isole-pour-ventilation-d-170-200mm-320000963\/"},"modified":"2026-02-03T19:39:55","modified_gmt":"2026-02-03T18:39:55","slug":"zehnder-t-pour-tube-isole-pour-ventilation-d-170-200mm-320000963","status":"publish","type":"product","link":"https:\/\/promochaudiere.be\/nl\/product\/zehnder-t-pour-tube-isole-pour-ventilation-d-170-200mm-320000963\/","title":{"rendered":"ZEHNDER T POUR TUBE ISOLE POUR VENTILATION D 170-200MM 320000963"},"content":{"rendered":"<p>Ce raccord en T Zehnder est con\u00e7u pour relier trois conduits de ventilation isol\u00e9s de 125mm. Il permet une r\u00e9partition fluide du flux d\u2019air. Son mat\u00e9riau isolant r\u00e9duit les pertes thermiques. Facile \u00e0 poser, il am\u00e9liore l\u2019efficacit\u00e9 \u00e9nerg\u00e9tique. Un accessoire indispensable pour une installation bien optimis\u00e9e.<\/p>","protected":false},"excerpt":{"rendered":"<p>ZEHNDER T POUR TUBE ISOLE POUR VENTILATION D 170-200MM 320000963<\/p>","protected":false},"featured_media":22277,"comment_status":"open","ping_status":"closed","template":"","meta":[],"product_brand":[],"product_cat":[2791,8840],"product_tag":[],"class_list":{"0":"post-14411","1":"product","2":"type-product","3":"status-publish","4":"has-post-thumbnail","6":"product_cat-accessoires-de-ventilation","7":"product_cat-test","8":"pa_marque-zehnder","10":"first","11":"instock","12":"sale","13":"taxable","14":"shipping-taxable","15":"purchasable","16":"product-type-simple"},"aioseo_notices":[],"_links":{"self":[{"href":"https:\/\/promochaudiere.be\/nl\/wp-json\/wp\/v2\/product\/14411","targetHints":{"allow":["GET"]}}],"collection":[{"href":"https:\/\/promochaudiere.be\/nl\/wp-json\/wp\/v2\/product"}],"about":[{"href":"https:\/\/promochaudiere.be\/nl\/wp-json\/wp\/v2\/types\/product"}],"replies":[{"embeddable":true,"href":"https:\/\/promochaudiere.be\/nl\/wp-json\/wp\/v2\/comments?post=14411"}],"version-history":[{"count":1,"href":"https:\/\/promochaudiere.be\/nl\/wp-json\/wp\/v2\/product\/14411\/revisions"}],"predecessor-version":[{"id":53025,"href":"https:\/\/promochaudiere.be\/nl\/wp-json\/wp\/v2\/product\/14411\/revisions\/53025"}],"wp:featuredmedia":[{"embeddable":true,"href":"https:\/\/promochaudiere.be\/nl\/wp-json\/wp\/v2\/media\/22277"}],"wp:attachment":[{"href":"https:\/\/promochaudiere.be\/nl\/wp-json\/wp\/v2\/media?parent=14411"}],"wp:term":[{"taxonomy":"product_brand","embeddable":true,"href":"https:\/\/promochaudiere.be\/nl\/wp-json\/wp\/v2\/product_brand?post=14411"},{"taxonomy":"product_cat","embeddable":true,"href":"https:\/\/promochaudiere.be\/nl\/wp-json\/wp\/v2\/product_cat?post=14411"},{"taxonomy":"product_tag","embeddable":true,"href":"https:\/\/promochaudiere.be\/nl\/wp-json\/wp\/v2\/product_tag?post=14411"}],"curies":[{"name":"wp","href":"https:\/\/api.w.org\/{rel}","templated":true}]}}