{"id":14416,"date":"2025-01-17T09:52:13","date_gmt":"2025-01-17T09:52:13","guid":{"rendered":"https:\/\/promochaudiere.be\/produit\/honeywell-reducteur-pression-eau-avec-manometre-braukmann-1m-d06f1am\/"},"modified":"2026-02-03T18:15:15","modified_gmt":"2026-02-03T17:15:15","slug":"honeywell-reducteur-pression-eau-avec-manometre-braukmann-1m-d06f1am","status":"publish","type":"product","link":"https:\/\/promochaudiere.be\/product\/honeywell-reducteur-pression-eau-avec-manometre-braukmann-1m-d06f1am\/","title":{"rendered":"Honeywell r\u00e9ducteur pression eau avec manom\u00e8tre braukmann 1&Prime;m D06F1AM"},"content":{"rendered":"<p>Le r\u00e9ducteur de pression Honeywell D06F1AM est \u00e9quip\u00e9 d\u2019un manom\u00e8tre permettant de surveiller la pression en temps r\u00e9el. Il assure une protection optimale des circuits hydrauliques en limitant les variations de pression. Facile \u00e0 ajuster et \u00e0 installer, il garantit une r\u00e9gulation pr\u00e9cise et une r\u00e9duction des risques de fuite. Un accessoire indispensable pour un r\u00e9seau d\u2019eau fiable et s\u00e9curis\u00e9.<\/p>","protected":false},"excerpt":{"rendered":"<p>Honeywell r\u00e9ducteur pression eau avec manom\u00e8tre braukmann 1&Prime;m D06F1AM<\/p>","protected":false},"featured_media":21649,"comment_status":"open","ping_status":"closed","template":"","meta":[],"product_brand":[],"product_cat":[9547,8840],"product_tag":[],"class_list":{"0":"post-14416","1":"product","2":"type-product","3":"status-publish","4":"has-post-thumbnail","6":"product_cat-reducteur-deau","7":"product_cat-test","8":"pa_marque-honeywell","10":"first","11":"instock","12":"sale","13":"taxable","14":"shipping-taxable","15":"purchasable","16":"product-type-simple"},"aioseo_notices":[],"_links":{"self":[{"href":"https:\/\/promochaudiere.be\/nl\/wp-json\/wp\/v2\/product\/14416","targetHints":{"allow":["GET"]}}],"collection":[{"href":"https:\/\/promochaudiere.be\/nl\/wp-json\/wp\/v2\/product"}],"about":[{"href":"https:\/\/promochaudiere.be\/nl\/wp-json\/wp\/v2\/types\/product"}],"replies":[{"embeddable":true,"href":"https:\/\/promochaudiere.be\/nl\/wp-json\/wp\/v2\/comments?post=14416"}],"version-history":[{"count":1,"href":"https:\/\/promochaudiere.be\/nl\/wp-json\/wp\/v2\/product\/14416\/revisions"}],"predecessor-version":[{"id":45636,"href":"https:\/\/promochaudiere.be\/nl\/wp-json\/wp\/v2\/product\/14416\/revisions\/45636"}],"wp:featuredmedia":[{"embeddable":true,"href":"https:\/\/promochaudiere.be\/nl\/wp-json\/wp\/v2\/media\/21649"}],"wp:attachment":[{"href":"https:\/\/promochaudiere.be\/nl\/wp-json\/wp\/v2\/media?parent=14416"}],"wp:term":[{"taxonomy":"product_brand","embeddable":true,"href":"https:\/\/promochaudiere.be\/nl\/wp-json\/wp\/v2\/product_brand?post=14416"},{"taxonomy":"product_cat","embeddable":true,"href":"https:\/\/promochaudiere.be\/nl\/wp-json\/wp\/v2\/product_cat?post=14416"},{"taxonomy":"product_tag","embeddable":true,"href":"https:\/\/promochaudiere.be\/nl\/wp-json\/wp\/v2\/product_tag?post=14416"}],"curies":[{"name":"wp","href":"https:\/\/api.w.org\/{rel}","templated":true}]}}