{"id":14421,"date":"2025-01-17T09:52:14","date_gmt":"2025-01-17T09:52:14","guid":{"rendered":"https:\/\/promochaudiere.be\/produit\/honey-vtl1282ra1536-setting-thermostatic-radiator-valves-design-1-2-droite-vtl1282ra1536\/"},"modified":"2026-02-03T18:15:17","modified_gmt":"2026-02-03T17:15:17","slug":"honey-vtl1282ra1536-setting-thermostatic-radiator-valves-design-1-2-droite-vtl1282ra1536","status":"publish","type":"product","link":"https:\/\/promochaudiere.be\/nl\/product\/honey-vtl1282ra1536-setting-thermostatic-radiator-valves-design-1-2-droite-vtl1282ra1536\/","title":{"rendered":"Honey VTL1282RA1536 setting  thermostatic radiator valves design  1\/2 droite VTL1282RA1536"},"content":{"rendered":"<p>Ce robinet thermostatique Honeywell en version \u00e9querre est parfait pour les installations n\u00e9cessitant un raccordement en angle. Il assure un contr\u00f4le pr\u00e9cis de la temp\u00e9rature gr\u00e2ce \u00e0 son m\u00e9canisme thermostatique int\u00e9gr\u00e9. Son format 1\/2&Prime; garantit une compatibilit\u00e9 avec de nombreux syst\u00e8mes de chauffage. Construit en laiton haute qualit\u00e9, il offre une excellente r\u00e9sistance aux variations thermiques et \u00e0 la corrosion. Facile \u00e0 installer, il optimise le confort thermique. Un choix id\u00e9al pour un chauffage ma\u00eetris\u00e9.<\/p>","protected":false},"excerpt":{"rendered":"<p>Honey VTL1282RA1536 setting  thermostatic radiator valves design  1\/2 droite VTL1282RA1536<\/p>","protected":false},"featured_media":22325,"comment_status":"open","ping_status":"closed","template":"","meta":[],"product_brand":[],"product_cat":[11005,8840],"product_tag":[],"class_list":{"0":"post-14421","1":"product","2":"type-product","3":"status-publish","4":"has-post-thumbnail","6":"product_cat-raccordement-radiateur-fr","7":"product_cat-test","8":"pa_marque-honeywell","10":"first","11":"instock","12":"sale","13":"taxable","14":"shipping-taxable","15":"purchasable","16":"product-type-simple"},"aioseo_notices":[],"_links":{"self":[{"href":"https:\/\/promochaudiere.be\/nl\/wp-json\/wp\/v2\/product\/14421","targetHints":{"allow":["GET"]}}],"collection":[{"href":"https:\/\/promochaudiere.be\/nl\/wp-json\/wp\/v2\/product"}],"about":[{"href":"https:\/\/promochaudiere.be\/nl\/wp-json\/wp\/v2\/types\/product"}],"replies":[{"embeddable":true,"href":"https:\/\/promochaudiere.be\/nl\/wp-json\/wp\/v2\/comments?post=14421"}],"version-history":[{"count":1,"href":"https:\/\/promochaudiere.be\/nl\/wp-json\/wp\/v2\/product\/14421\/revisions"}],"predecessor-version":[{"id":45635,"href":"https:\/\/promochaudiere.be\/nl\/wp-json\/wp\/v2\/product\/14421\/revisions\/45635"}],"wp:featuredmedia":[{"embeddable":true,"href":"https:\/\/promochaudiere.be\/nl\/wp-json\/wp\/v2\/media\/22325"}],"wp:attachment":[{"href":"https:\/\/promochaudiere.be\/nl\/wp-json\/wp\/v2\/media?parent=14421"}],"wp:term":[{"taxonomy":"product_brand","embeddable":true,"href":"https:\/\/promochaudiere.be\/nl\/wp-json\/wp\/v2\/product_brand?post=14421"},{"taxonomy":"product_cat","embeddable":true,"href":"https:\/\/promochaudiere.be\/nl\/wp-json\/wp\/v2\/product_cat?post=14421"},{"taxonomy":"product_tag","embeddable":true,"href":"https:\/\/promochaudiere.be\/nl\/wp-json\/wp\/v2\/product_tag?post=14421"}],"curies":[{"name":"wp","href":"https:\/\/api.w.org\/{rel}","templated":true}]}}