{"id":14422,"date":"2025-01-17T09:52:15","date_gmt":"2025-01-17T09:52:15","guid":{"rendered":"https:\/\/promochaudiere.be\/produit\/honey-vtl1282la1536-setting-thermostatic-radiator-valves-design-1-2-gauche-vtl1282la1536\/"},"modified":"2026-02-03T18:15:17","modified_gmt":"2026-02-03T17:15:17","slug":"honey-vtl1282la1536-setting-thermostatic-radiator-valves-design-1-2-gauche-vtl1282la1536","status":"publish","type":"product","link":"https:\/\/promochaudiere.be\/nl\/product\/honey-vtl1282la1536-setting-thermostatic-radiator-valves-design-1-2-gauche-vtl1282la1536\/","title":{"rendered":"Honey VTL1282LA1536 setting  thermostatic radiator valves design 1\/2 gauche VTL1282LA1536"},"content":{"rendered":"<p>Ce robinet thermostatique Honeywell est con\u00e7u pour offrir une r\u00e9gulation pr\u00e9cise du chauffage. Son format droit 1\/2&Prime; facilite l\u2019installation sur les radiateurs n\u00e9cessitant un raccordement lin\u00e9aire. Son m\u00e9canisme thermostatique ajuste automatiquement le d\u00e9bit d\u2019eau pour maintenir une temp\u00e9rature ambiante stable. Fabriqu\u00e9 en laiton robuste, il garantit une \u00e9tanch\u00e9it\u00e9 parfaite et une durabilit\u00e9 optimale. Un composant essentiel pour un chauffage efficace et \u00e9conome en \u00e9nergie. Id\u00e9al pour les installations modernes.<\/p>","protected":false},"excerpt":{"rendered":"<p>Honey VTL1282LA1536 setting  thermostatic radiator valves design 1\/2 gauche VTL1282LA1536<\/p>","protected":false},"featured_media":22326,"comment_status":"open","ping_status":"closed","template":"","meta":[],"product_brand":[],"product_cat":[11005,8840],"product_tag":[],"class_list":{"0":"post-14422","1":"product","2":"type-product","3":"status-publish","4":"has-post-thumbnail","6":"product_cat-raccordement-radiateur-fr","7":"product_cat-test","8":"pa_marque-honeywell","10":"first","11":"instock","12":"sale","13":"taxable","14":"shipping-taxable","15":"purchasable","16":"product-type-simple"},"aioseo_notices":[],"_links":{"self":[{"href":"https:\/\/promochaudiere.be\/nl\/wp-json\/wp\/v2\/product\/14422","targetHints":{"allow":["GET"]}}],"collection":[{"href":"https:\/\/promochaudiere.be\/nl\/wp-json\/wp\/v2\/product"}],"about":[{"href":"https:\/\/promochaudiere.be\/nl\/wp-json\/wp\/v2\/types\/product"}],"replies":[{"embeddable":true,"href":"https:\/\/promochaudiere.be\/nl\/wp-json\/wp\/v2\/comments?post=14422"}],"version-history":[{"count":1,"href":"https:\/\/promochaudiere.be\/nl\/wp-json\/wp\/v2\/product\/14422\/revisions"}],"predecessor-version":[{"id":45631,"href":"https:\/\/promochaudiere.be\/nl\/wp-json\/wp\/v2\/product\/14422\/revisions\/45631"}],"wp:featuredmedia":[{"embeddable":true,"href":"https:\/\/promochaudiere.be\/nl\/wp-json\/wp\/v2\/media\/22326"}],"wp:attachment":[{"href":"https:\/\/promochaudiere.be\/nl\/wp-json\/wp\/v2\/media?parent=14422"}],"wp:term":[{"taxonomy":"product_brand","embeddable":true,"href":"https:\/\/promochaudiere.be\/nl\/wp-json\/wp\/v2\/product_brand?post=14422"},{"taxonomy":"product_cat","embeddable":true,"href":"https:\/\/promochaudiere.be\/nl\/wp-json\/wp\/v2\/product_cat?post=14422"},{"taxonomy":"product_tag","embeddable":true,"href":"https:\/\/promochaudiere.be\/nl\/wp-json\/wp\/v2\/product_tag?post=14422"}],"curies":[{"name":"wp","href":"https:\/\/api.w.org\/{rel}","templated":true}]}}