{"id":14424,"date":"2025-01-17T09:52:15","date_gmt":"2025-01-17T09:52:15","guid":{"rendered":"https:\/\/promochaudiere.be\/produit\/caleffi-soupape-de-securite-pour-chaudiere-avec-combustible-solide-3-4-543513\/"},"modified":"2026-02-03T18:15:19","modified_gmt":"2026-02-03T17:15:19","slug":"caleffi-soupape-de-securite-pour-chaudiere-avec-combustible-solide-3-4-543513","status":"publish","type":"product","link":"https:\/\/promochaudiere.be\/nl\/product\/caleffi-soupape-de-securite-pour-chaudiere-avec-combustible-solide-3-4-543513\/","title":{"rendered":"Caleffi soupape de s\u00e9curit\u00e9 pour chaudi\u00e8re avec combustible solide  3\/4 543513"},"content":{"rendered":"<p>Cette soupape de s\u00e9curit\u00e9 Caleffi prot\u00e8ge les chaudi\u00e8res contre les surpressions. Gr\u00e2ce \u00e0 son m\u00e9canisme de d\u00e9charge automatique, elle \u00e9vite tout risque de surchauffe. Sa prise int\u00e9gr\u00e9e facilite le contr\u00f4le de la pression. Un \u00e9l\u00e9ment essentiel pour garantir un fonctionnement s\u00e9curis\u00e9 des syst\u00e8mes de chauffage.<\/p>","protected":false},"excerpt":{"rendered":"<p>Caleffi soupape de s\u00e9curit\u00e9 pour chaudi\u00e8re avec combustible solide  3\/4 543513<\/p>","protected":false},"featured_media":21975,"comment_status":"open","ping_status":"closed","template":"","meta":[],"product_brand":[],"product_cat":[822,8840],"product_tag":[],"class_list":{"0":"post-14424","1":"product","2":"type-product","3":"status-publish","4":"has-post-thumbnail","6":"product_cat-accessoire","7":"product_cat-test","8":"pa_marque-caleffi","10":"first","11":"instock","12":"sale","13":"taxable","14":"shipping-taxable","15":"purchasable","16":"product-type-simple"},"aioseo_notices":[],"_links":{"self":[{"href":"https:\/\/promochaudiere.be\/nl\/wp-json\/wp\/v2\/product\/14424","targetHints":{"allow":["GET"]}}],"collection":[{"href":"https:\/\/promochaudiere.be\/nl\/wp-json\/wp\/v2\/product"}],"about":[{"href":"https:\/\/promochaudiere.be\/nl\/wp-json\/wp\/v2\/types\/product"}],"replies":[{"embeddable":true,"href":"https:\/\/promochaudiere.be\/nl\/wp-json\/wp\/v2\/comments?post=14424"}],"version-history":[{"count":1,"href":"https:\/\/promochaudiere.be\/nl\/wp-json\/wp\/v2\/product\/14424\/revisions"}],"predecessor-version":[{"id":45633,"href":"https:\/\/promochaudiere.be\/nl\/wp-json\/wp\/v2\/product\/14424\/revisions\/45633"}],"wp:featuredmedia":[{"embeddable":true,"href":"https:\/\/promochaudiere.be\/nl\/wp-json\/wp\/v2\/media\/21975"}],"wp:attachment":[{"href":"https:\/\/promochaudiere.be\/nl\/wp-json\/wp\/v2\/media?parent=14424"}],"wp:term":[{"taxonomy":"product_brand","embeddable":true,"href":"https:\/\/promochaudiere.be\/nl\/wp-json\/wp\/v2\/product_brand?post=14424"},{"taxonomy":"product_cat","embeddable":true,"href":"https:\/\/promochaudiere.be\/nl\/wp-json\/wp\/v2\/product_cat?post=14424"},{"taxonomy":"product_tag","embeddable":true,"href":"https:\/\/promochaudiere.be\/nl\/wp-json\/wp\/v2\/product_tag?post=14424"}],"curies":[{"name":"wp","href":"https:\/\/api.w.org\/{rel}","templated":true}]}}