{"id":14427,"date":"2025-01-17T09:52:17","date_gmt":"2025-01-17T09:52:17","guid":{"rendered":"https:\/\/promochaudiere.be\/produit\/vaillant-extracteur-0020020008\/"},"modified":"2026-02-03T18:15:19","modified_gmt":"2026-02-03T17:15:19","slug":"vaillant-extracteur-0020020008","status":"publish","type":"product","link":"https:\/\/promochaudiere.be\/nl\/product\/vaillant-extracteur-0020020008\/","title":{"rendered":"Vaillant extracteur  0020020008"},"content":{"rendered":"<p>Cet extracteur Vaillant est con\u00e7u pour \u00e9vacuer efficacement les fum\u00e9es de combustion des chaudi\u00e8res. Il assure une meilleure ventilation du syst\u00e8me et r\u00e9duit les risques de surchauffe. Sa conception robuste garantit une longue dur\u00e9e de vie. Son installation est rapide et compatible avec plusieurs mod\u00e8les de chaudi\u00e8res. Un accessoire essentiel pour am\u00e9liorer la s\u00e9curit\u00e9 et le rendement des installations thermiques.<\/p>","protected":false},"excerpt":{"rendered":"<p>Vaillant extracteur  0020020008<\/p>","protected":false},"featured_media":21893,"comment_status":"open","ping_status":"closed","template":"","meta":[],"product_brand":[],"product_cat":[8917,8840],"product_tag":[],"class_list":{"0":"post-14427","1":"product","2":"type-product","3":"status-publish","4":"has-post-thumbnail","6":"product_cat-pieces-detachees-vaillant","7":"product_cat-test","8":"pa_marque-vaillant","10":"first","11":"instock","12":"sale","13":"taxable","14":"shipping-taxable","15":"purchasable","16":"product-type-simple"},"aioseo_notices":[],"_links":{"self":[{"href":"https:\/\/promochaudiere.be\/nl\/wp-json\/wp\/v2\/product\/14427","targetHints":{"allow":["GET"]}}],"collection":[{"href":"https:\/\/promochaudiere.be\/nl\/wp-json\/wp\/v2\/product"}],"about":[{"href":"https:\/\/promochaudiere.be\/nl\/wp-json\/wp\/v2\/types\/product"}],"replies":[{"embeddable":true,"href":"https:\/\/promochaudiere.be\/nl\/wp-json\/wp\/v2\/comments?post=14427"}],"version-history":[{"count":1,"href":"https:\/\/promochaudiere.be\/nl\/wp-json\/wp\/v2\/product\/14427\/revisions"}],"predecessor-version":[{"id":53022,"href":"https:\/\/promochaudiere.be\/nl\/wp-json\/wp\/v2\/product\/14427\/revisions\/53022"}],"wp:featuredmedia":[{"embeddable":true,"href":"https:\/\/promochaudiere.be\/nl\/wp-json\/wp\/v2\/media\/21893"}],"wp:attachment":[{"href":"https:\/\/promochaudiere.be\/nl\/wp-json\/wp\/v2\/media?parent=14427"}],"wp:term":[{"taxonomy":"product_brand","embeddable":true,"href":"https:\/\/promochaudiere.be\/nl\/wp-json\/wp\/v2\/product_brand?post=14427"},{"taxonomy":"product_cat","embeddable":true,"href":"https:\/\/promochaudiere.be\/nl\/wp-json\/wp\/v2\/product_cat?post=14427"},{"taxonomy":"product_tag","embeddable":true,"href":"https:\/\/promochaudiere.be\/nl\/wp-json\/wp\/v2\/product_tag?post=14427"}],"curies":[{"name":"wp","href":"https:\/\/api.w.org\/{rel}","templated":true}]}}