{"id":14432,"date":"2025-01-17T09:52:18","date_gmt":"2025-01-17T09:52:18","guid":{"rendered":"https:\/\/promochaudiere.be\/produit\/heatpex-connect-box-distribution-12x63mm-52306300100w\/"},"modified":"2026-02-03T18:15:16","modified_gmt":"2026-02-03T17:15:16","slug":"heatpex-connect-box-distribution-12x63mm-52306300100w","status":"publish","type":"product","link":"https:\/\/promochaudiere.be\/nl\/product\/heatpex-connect-box-distribution-12x63mm-52306300100w\/","title":{"rendered":"HEATPEX CONNECT BOX DISTRIBUTION 12X63MM 52306300100W"},"content":{"rendered":"<p>Cette bo\u00eete de distribution Heatpex est sp\u00e9cialement con\u00e7ue pour assurer une r\u00e9partition optimale du flux d\u2019air \u00e0 travers 12 sorties de 63mm. Elle permet une ventilation homog\u00e8ne et efficace des espaces int\u00e9rieurs. Fabriqu\u00e9e en mat\u00e9riau robuste, elle garantit une \u00e9tanch\u00e9it\u00e9 parfaite et une longue dur\u00e9e de vie. Son installation est simple et rapide, s\u2019adaptant aux syst\u00e8mes de ventilation performants. Id\u00e9ale pour les installations n\u00e9cessitant un contr\u00f4le pr\u00e9cis du d\u00e9bit d\u2019air. Un choix essentiel pour une gestion a\u00e9raulique efficace et \u00e9quilibr\u00e9e.<\/p>","protected":false},"excerpt":{"rendered":"<p>HEATPEX CONNECT BOX DISTRIBUTION 12X63MM 52306300100W<\/p>","protected":false},"featured_media":21213,"comment_status":"open","ping_status":"closed","template":"","meta":[],"product_brand":[],"product_cat":[10947],"product_tag":[],"class_list":{"0":"post-14432","1":"product","2":"type-product","3":"status-publish","4":"has-post-thumbnail","6":"product_cat-ventilation-heatpex","7":"pa_marque-heatpex","9":"first","10":"instock","11":"sale","12":"taxable","13":"shipping-taxable","14":"purchasable","15":"product-type-simple"},"aioseo_notices":[],"_links":{"self":[{"href":"https:\/\/promochaudiere.be\/nl\/wp-json\/wp\/v2\/product\/14432","targetHints":{"allow":["GET"]}}],"collection":[{"href":"https:\/\/promochaudiere.be\/nl\/wp-json\/wp\/v2\/product"}],"about":[{"href":"https:\/\/promochaudiere.be\/nl\/wp-json\/wp\/v2\/types\/product"}],"replies":[{"embeddable":true,"href":"https:\/\/promochaudiere.be\/nl\/wp-json\/wp\/v2\/comments?post=14432"}],"version-history":[{"count":1,"href":"https:\/\/promochaudiere.be\/nl\/wp-json\/wp\/v2\/product\/14432\/revisions"}],"predecessor-version":[{"id":45626,"href":"https:\/\/promochaudiere.be\/nl\/wp-json\/wp\/v2\/product\/14432\/revisions\/45626"}],"wp:featuredmedia":[{"embeddable":true,"href":"https:\/\/promochaudiere.be\/nl\/wp-json\/wp\/v2\/media\/21213"}],"wp:attachment":[{"href":"https:\/\/promochaudiere.be\/nl\/wp-json\/wp\/v2\/media?parent=14432"}],"wp:term":[{"taxonomy":"product_brand","embeddable":true,"href":"https:\/\/promochaudiere.be\/nl\/wp-json\/wp\/v2\/product_brand?post=14432"},{"taxonomy":"product_cat","embeddable":true,"href":"https:\/\/promochaudiere.be\/nl\/wp-json\/wp\/v2\/product_cat?post=14432"},{"taxonomy":"product_tag","embeddable":true,"href":"https:\/\/promochaudiere.be\/nl\/wp-json\/wp\/v2\/product_tag?post=14432"}],"curies":[{"name":"wp","href":"https:\/\/api.w.org\/{rel}","templated":true}]}}