{"id":14436,"date":"2025-01-17T09:52:20","date_gmt":"2025-01-17T09:52:20","guid":{"rendered":"https:\/\/promochaudiere.be\/produit\/thermostat-maximale-pour-fumee-ctf151-esbe-56020100\/"},"modified":"2026-02-03T18:15:19","modified_gmt":"2026-02-03T17:15:19","slug":"thermostat-maximale-pour-fumee-ctf151-esbe-56020100","status":"publish","type":"product","link":"https:\/\/promochaudiere.be\/nl\/product\/thermostat-maximale-pour-fumee-ctf151-esbe-56020100\/","title":{"rendered":"THERMOSTAT MAXIMALE POUR FUMEE CTF151 ESBE 56020100"},"content":{"rendered":"<p>Le thermostat maximal ESBE CTF151 est con\u00e7u pour r\u00e9guler la temp\u00e9rature des fum\u00e9es dans les chaudi\u00e8res. Il assure une protection efficace contre les surchauffes et am\u00e9liore la s\u00e9curit\u00e9 du syst\u00e8me. Un accessoire indispensable pour un contr\u00f4le thermique pr\u00e9cis.<\/p>","protected":false},"excerpt":{"rendered":"<p>THERMOSTAT MAXIMALE POUR FUMEE CTF151 ESBE 56020100<\/p>","protected":false},"featured_media":22027,"comment_status":"open","ping_status":"closed","template":"","meta":[],"product_brand":[],"product_cat":[8840,5519],"product_tag":[],"class_list":{"0":"post-14436","1":"product","2":"type-product","3":"status-publish","4":"has-post-thumbnail","6":"product_cat-test","7":"product_cat-vanne","9":"first","10":"instock","11":"sale","12":"taxable","13":"shipping-taxable","14":"purchasable","15":"product-type-simple"},"aioseo_notices":[],"_links":{"self":[{"href":"https:\/\/promochaudiere.be\/nl\/wp-json\/wp\/v2\/product\/14436","targetHints":{"allow":["GET"]}}],"collection":[{"href":"https:\/\/promochaudiere.be\/nl\/wp-json\/wp\/v2\/product"}],"about":[{"href":"https:\/\/promochaudiere.be\/nl\/wp-json\/wp\/v2\/types\/product"}],"replies":[{"embeddable":true,"href":"https:\/\/promochaudiere.be\/nl\/wp-json\/wp\/v2\/comments?post=14436"}],"version-history":[{"count":1,"href":"https:\/\/promochaudiere.be\/nl\/wp-json\/wp\/v2\/product\/14436\/revisions"}],"predecessor-version":[{"id":53021,"href":"https:\/\/promochaudiere.be\/nl\/wp-json\/wp\/v2\/product\/14436\/revisions\/53021"}],"wp:featuredmedia":[{"embeddable":true,"href":"https:\/\/promochaudiere.be\/nl\/wp-json\/wp\/v2\/media\/22027"}],"wp:attachment":[{"href":"https:\/\/promochaudiere.be\/nl\/wp-json\/wp\/v2\/media?parent=14436"}],"wp:term":[{"taxonomy":"product_brand","embeddable":true,"href":"https:\/\/promochaudiere.be\/nl\/wp-json\/wp\/v2\/product_brand?post=14436"},{"taxonomy":"product_cat","embeddable":true,"href":"https:\/\/promochaudiere.be\/nl\/wp-json\/wp\/v2\/product_cat?post=14436"},{"taxonomy":"product_tag","embeddable":true,"href":"https:\/\/promochaudiere.be\/nl\/wp-json\/wp\/v2\/product_tag?post=14436"}],"curies":[{"name":"wp","href":"https:\/\/api.w.org\/{rel}","templated":true}]}}