{"id":14440,"date":"2025-01-17T09:52:21","date_gmt":"2025-01-17T09:52:21","guid":{"rendered":"https:\/\/promochaudiere.be\/produit\/dab-robinet-a-bille-feka-2-149b12515\/"},"modified":"2026-02-03T18:15:22","modified_gmt":"2026-02-03T17:15:22","slug":"dab-robinet-a-bille-feka-2-149b12515","status":"publish","type":"product","link":"https:\/\/promochaudiere.be\/nl\/product\/dab-robinet-a-bille-feka-2-149b12515\/","title":{"rendered":"DAB ROBINET A BILLE FEKA 2&Prime; 149B12515"},"content":{"rendered":"<p>Ce robinet \u00e0 bille est con\u00e7u pour une utilisation dans les syst\u00e8mes de pompage et d\u2019assainissement. Il assure une fermeture \u00e9tanche pour \u00e9viter tout reflux d\u2019eau. Son m\u00e9canisme fluide garantit un fonctionnement sans \u00e0-coups. Facile \u00e0 installer, il s\u2019adapte aux installations existantes. Son mat\u00e9riau de fabrication lui conf\u00e8re une excellente r\u00e9sistance \u00e0 la pression. Un composant essentiel pour un contr\u00f4le efficace du d\u00e9bit.<\/p>","protected":false},"excerpt":{"rendered":"<p>DAB ROBINET A BILLE FEKA 2&Prime; 149B12515<\/p>","protected":false},"featured_media":22305,"comment_status":"open","ping_status":"closed","template":"","meta":[],"product_brand":[],"product_cat":[298,8840],"product_tag":[],"class_list":{"0":"post-14440","1":"product","2":"type-product","3":"status-publish","4":"has-post-thumbnail","6":"product_cat-pompe","7":"product_cat-test","8":"pa_marque-dab","10":"first","11":"instock","12":"sale","13":"taxable","14":"shipping-taxable","15":"purchasable","16":"product-type-simple"},"aioseo_notices":[],"_links":{"self":[{"href":"https:\/\/promochaudiere.be\/nl\/wp-json\/wp\/v2\/product\/14440","targetHints":{"allow":["GET"]}}],"collection":[{"href":"https:\/\/promochaudiere.be\/nl\/wp-json\/wp\/v2\/product"}],"about":[{"href":"https:\/\/promochaudiere.be\/nl\/wp-json\/wp\/v2\/types\/product"}],"replies":[{"embeddable":true,"href":"https:\/\/promochaudiere.be\/nl\/wp-json\/wp\/v2\/comments?post=14440"}],"version-history":[{"count":1,"href":"https:\/\/promochaudiere.be\/nl\/wp-json\/wp\/v2\/product\/14440\/revisions"}],"predecessor-version":[{"id":45618,"href":"https:\/\/promochaudiere.be\/nl\/wp-json\/wp\/v2\/product\/14440\/revisions\/45618"}],"wp:featuredmedia":[{"embeddable":true,"href":"https:\/\/promochaudiere.be\/nl\/wp-json\/wp\/v2\/media\/22305"}],"wp:attachment":[{"href":"https:\/\/promochaudiere.be\/nl\/wp-json\/wp\/v2\/media?parent=14440"}],"wp:term":[{"taxonomy":"product_brand","embeddable":true,"href":"https:\/\/promochaudiere.be\/nl\/wp-json\/wp\/v2\/product_brand?post=14440"},{"taxonomy":"product_cat","embeddable":true,"href":"https:\/\/promochaudiere.be\/nl\/wp-json\/wp\/v2\/product_cat?post=14440"},{"taxonomy":"product_tag","embeddable":true,"href":"https:\/\/promochaudiere.be\/nl\/wp-json\/wp\/v2\/product_tag?post=14440"}],"curies":[{"name":"wp","href":"https:\/\/api.w.org\/{rel}","templated":true}]}}