{"id":14443,"date":"2025-01-17T09:52:22","date_gmt":"2025-01-17T09:52:22","guid":{"rendered":"https:\/\/promochaudiere.be\/produit\/heatpex-connect-box-distribution-8x90mm-52309000100w\/"},"modified":"2026-02-03T18:15:17","modified_gmt":"2026-02-03T17:15:17","slug":"heatpex-connect-box-distribution-8x90mm-52309000100w","status":"publish","type":"product","link":"https:\/\/promochaudiere.be\/nl\/product\/heatpex-connect-box-distribution-8x90mm-52309000100w\/","title":{"rendered":"HEATPEX CONNECT BOX DISTRIBUTION 8X90MM 52309000100W"},"content":{"rendered":"<p>Cette bo\u00eete de distribution Heatpex permet une r\u00e9partition uniforme de l\u2019air avec 8 sorties de 90mm. Con\u00e7ue pour maximiser le rendement du syst\u00e8me de ventilation, elle assure une circulation fluide et constante de l\u2019air int\u00e9rieur. Son mat\u00e9riau de haute qualit\u00e9 lui conf\u00e8re une excellente durabilit\u00e9 et une r\u00e9sistance aux variations climatiques. Facile \u00e0 installer, elle optimise la performance des r\u00e9seaux de ventilation centralis\u00e9e. Id\u00e9ale pour am\u00e9liorer la qualit\u00e9 de l\u2019air et le confort thermique. Un \u00e9l\u00e9ment cl\u00e9 pour une ventilation ma\u00eetris\u00e9e et performante.<\/p>","protected":false},"excerpt":{"rendered":"<p>HEATPEX CONNECT BOX DISTRIBUTION 8X90MM 52309000100W<\/p>","protected":false},"featured_media":21214,"comment_status":"open","ping_status":"closed","template":"","meta":[],"product_brand":[],"product_cat":[10947],"product_tag":[],"class_list":{"0":"post-14443","1":"product","2":"type-product","3":"status-publish","4":"has-post-thumbnail","6":"product_cat-ventilation-heatpex","7":"pa_marque-heatpex","9":"first","10":"instock","11":"sale","12":"taxable","13":"shipping-taxable","14":"purchasable","15":"product-type-simple"},"aioseo_notices":[],"_links":{"self":[{"href":"https:\/\/promochaudiere.be\/nl\/wp-json\/wp\/v2\/product\/14443","targetHints":{"allow":["GET"]}}],"collection":[{"href":"https:\/\/promochaudiere.be\/nl\/wp-json\/wp\/v2\/product"}],"about":[{"href":"https:\/\/promochaudiere.be\/nl\/wp-json\/wp\/v2\/types\/product"}],"replies":[{"embeddable":true,"href":"https:\/\/promochaudiere.be\/nl\/wp-json\/wp\/v2\/comments?post=14443"}],"version-history":[{"count":1,"href":"https:\/\/promochaudiere.be\/nl\/wp-json\/wp\/v2\/product\/14443\/revisions"}],"predecessor-version":[{"id":45616,"href":"https:\/\/promochaudiere.be\/nl\/wp-json\/wp\/v2\/product\/14443\/revisions\/45616"}],"wp:featuredmedia":[{"embeddable":true,"href":"https:\/\/promochaudiere.be\/nl\/wp-json\/wp\/v2\/media\/21214"}],"wp:attachment":[{"href":"https:\/\/promochaudiere.be\/nl\/wp-json\/wp\/v2\/media?parent=14443"}],"wp:term":[{"taxonomy":"product_brand","embeddable":true,"href":"https:\/\/promochaudiere.be\/nl\/wp-json\/wp\/v2\/product_brand?post=14443"},{"taxonomy":"product_cat","embeddable":true,"href":"https:\/\/promochaudiere.be\/nl\/wp-json\/wp\/v2\/product_cat?post=14443"},{"taxonomy":"product_tag","embeddable":true,"href":"https:\/\/promochaudiere.be\/nl\/wp-json\/wp\/v2\/product_tag?post=14443"}],"curies":[{"name":"wp","href":"https:\/\/api.w.org\/{rel}","templated":true}]}}