{"id":14445,"date":"2025-01-17T09:52:23","date_gmt":"2025-01-17T09:52:23","guid":{"rendered":"https:\/\/promochaudiere.be\/produit\/bulex-vanne-3-voies-thermomaster-f24-f28-a000035132\/"},"modified":"2026-02-03T18:15:19","modified_gmt":"2026-02-03T17:15:19","slug":"bulex-vanne-3-voies-thermomaster-f24-f28-a000035132","status":"publish","type":"product","link":"https:\/\/promochaudiere.be\/nl\/product\/bulex-vanne-3-voies-thermomaster-f24-f28-a000035132\/","title":{"rendered":"Bulex  vanne 3 voies Thermomaster F24\/F28 A000035132"},"content":{"rendered":"<p>La vanne 3 voies Bulex Thermomaster est un composant cl\u00e9 pour la gestion du chauffage et de l\u2019eau chaude sanitaire. Elle permet de r\u00e9guler le flux d\u2019eau entre les diff\u00e9rents circuits pour une performance optimis\u00e9e. Facile \u00e0 installer, elle assure une transition fluide entre les modes chauffage et eau chaude. Sa robustesse garantit une longue dur\u00e9e de vie. Une pi\u00e8ce essentielle pour am\u00e9liorer l\u2019efficacit\u00e9 \u00e9nerg\u00e9tique de votre chaudi\u00e8re.<\/p>","protected":false},"excerpt":{"rendered":"<p>Bulex  vanne 3 voies Thermomaster F24\/F28 A000035132<\/p>","protected":false},"featured_media":21423,"comment_status":"open","ping_status":"closed","template":"","meta":[],"product_brand":[],"product_cat":[9507,8840],"product_tag":[],"class_list":{"0":"post-14445","1":"product","2":"type-product","3":"status-publish","4":"has-post-thumbnail","6":"product_cat-pieces-detachees-bulex","7":"product_cat-test","8":"pa_marque-bulex","10":"first","11":"instock","12":"sale","13":"taxable","14":"shipping-taxable","15":"purchasable","16":"product-type-simple"},"aioseo_notices":[],"_links":{"self":[{"href":"https:\/\/promochaudiere.be\/nl\/wp-json\/wp\/v2\/product\/14445","targetHints":{"allow":["GET"]}}],"collection":[{"href":"https:\/\/promochaudiere.be\/nl\/wp-json\/wp\/v2\/product"}],"about":[{"href":"https:\/\/promochaudiere.be\/nl\/wp-json\/wp\/v2\/types\/product"}],"replies":[{"embeddable":true,"href":"https:\/\/promochaudiere.be\/nl\/wp-json\/wp\/v2\/comments?post=14445"}],"version-history":[{"count":1,"href":"https:\/\/promochaudiere.be\/nl\/wp-json\/wp\/v2\/product\/14445\/revisions"}],"predecessor-version":[{"id":45613,"href":"https:\/\/promochaudiere.be\/nl\/wp-json\/wp\/v2\/product\/14445\/revisions\/45613"}],"wp:featuredmedia":[{"embeddable":true,"href":"https:\/\/promochaudiere.be\/nl\/wp-json\/wp\/v2\/media\/21423"}],"wp:attachment":[{"href":"https:\/\/promochaudiere.be\/nl\/wp-json\/wp\/v2\/media?parent=14445"}],"wp:term":[{"taxonomy":"product_brand","embeddable":true,"href":"https:\/\/promochaudiere.be\/nl\/wp-json\/wp\/v2\/product_brand?post=14445"},{"taxonomy":"product_cat","embeddable":true,"href":"https:\/\/promochaudiere.be\/nl\/wp-json\/wp\/v2\/product_cat?post=14445"},{"taxonomy":"product_tag","embeddable":true,"href":"https:\/\/promochaudiere.be\/nl\/wp-json\/wp\/v2\/product_tag?post=14445"}],"curies":[{"name":"wp","href":"https:\/\/api.w.org\/{rel}","templated":true}]}}