{"id":14446,"date":"2025-01-17T09:52:24","date_gmt":"2025-01-17T09:52:24","guid":{"rendered":"https:\/\/promochaudiere.be\/produit\/bulex-echangeur-sanitaire-12-plaques-thematek-themaclassic-s1016600\/"},"modified":"2026-02-03T18:15:19","modified_gmt":"2026-02-03T17:15:19","slug":"bulex-echangeur-sanitaire-12-plaques-thematek-themaclassic-s1016600","status":"publish","type":"product","link":"https:\/\/promochaudiere.be\/nl\/product\/bulex-echangeur-sanitaire-12-plaques-thematek-themaclassic-s1016600\/","title":{"rendered":"BULEX ECHANGEUR SANITAIRE 12 PLAQUES THEMATEK + THEMACLASSIC S1016600"},"content":{"rendered":"<p>L\u2019\u00e9changeur sanitaire \u00e0 12 plaques pour chaudi\u00e8re Thematek 4 Condens est une pi\u00e8ce essentielle pour assurer un \u00e9change thermique optimal entre l\u2019eau chaude sanitaire et le circuit de chauffage. Sa conception robuste garantit une excellente durabilit\u00e9 et une efficacit\u00e9 accrue dans le transfert de chaleur.<\/p>","protected":false},"excerpt":{"rendered":"<p>BULEX ECHANGEUR SANITAIRE 12 PLAQUES THEMATEK + THEMACLASSIC S1016600<\/p>","protected":false},"featured_media":22562,"comment_status":"open","ping_status":"closed","template":"","meta":[],"product_brand":[],"product_cat":[9507,8840],"product_tag":[],"class_list":{"0":"post-14446","1":"product","2":"type-product","3":"status-publish","4":"has-post-thumbnail","6":"product_cat-pieces-detachees-bulex","7":"product_cat-test","8":"pa_marque-bulex","10":"first","11":"instock","12":"sale","13":"taxable","14":"shipping-taxable","15":"purchasable","16":"product-type-simple"},"aioseo_notices":[],"_links":{"self":[{"href":"https:\/\/promochaudiere.be\/nl\/wp-json\/wp\/v2\/product\/14446","targetHints":{"allow":["GET"]}}],"collection":[{"href":"https:\/\/promochaudiere.be\/nl\/wp-json\/wp\/v2\/product"}],"about":[{"href":"https:\/\/promochaudiere.be\/nl\/wp-json\/wp\/v2\/types\/product"}],"replies":[{"embeddable":true,"href":"https:\/\/promochaudiere.be\/nl\/wp-json\/wp\/v2\/comments?post=14446"}],"version-history":[{"count":1,"href":"https:\/\/promochaudiere.be\/nl\/wp-json\/wp\/v2\/product\/14446\/revisions"}],"predecessor-version":[{"id":45610,"href":"https:\/\/promochaudiere.be\/nl\/wp-json\/wp\/v2\/product\/14446\/revisions\/45610"}],"wp:featuredmedia":[{"embeddable":true,"href":"https:\/\/promochaudiere.be\/nl\/wp-json\/wp\/v2\/media\/22562"}],"wp:attachment":[{"href":"https:\/\/promochaudiere.be\/nl\/wp-json\/wp\/v2\/media?parent=14446"}],"wp:term":[{"taxonomy":"product_brand","embeddable":true,"href":"https:\/\/promochaudiere.be\/nl\/wp-json\/wp\/v2\/product_brand?post=14446"},{"taxonomy":"product_cat","embeddable":true,"href":"https:\/\/promochaudiere.be\/nl\/wp-json\/wp\/v2\/product_cat?post=14446"},{"taxonomy":"product_tag","embeddable":true,"href":"https:\/\/promochaudiere.be\/nl\/wp-json\/wp\/v2\/product_tag?post=14446"}],"curies":[{"name":"wp","href":"https:\/\/api.w.org\/{rel}","templated":true}]}}