{"id":14448,"date":"2025-01-17T09:52:25","date_gmt":"2025-01-17T09:52:25","guid":{"rendered":"https:\/\/promochaudiere.be\/produit\/flamco-vase-dexpansion-chauffage-central-flexcon-35l-15kg-16930\/"},"modified":"2026-02-03T18:15:21","modified_gmt":"2026-02-03T17:15:21","slug":"flamco-vase-dexpansion-chauffage-central-flexcon-35l-15kg-16930","status":"publish","type":"product","link":"https:\/\/promochaudiere.be\/nl\/product\/flamco-vase-dexpansion-chauffage-central-flexcon-35l-15kg-16930\/","title":{"rendered":"Flamco vase d&rsquo;expansion chauffage central flexcon 35L 1,5kg 16930"},"content":{"rendered":"<p>Ce vase d\u2019expansion haute capacit\u00e9 de 35 litres permet d\u2019absorber les fluctuations de pression dans les circuits ferm\u00e9s de chauffage. Il am\u00e9liore la s\u00e9curit\u00e9 du syst\u00e8me en \u00e9vitant les surpressions. Fabriqu\u00e9 avec des mat\u00e9riaux de qualit\u00e9, il assure une long\u00e9vit\u00e9 maximale. Il contribue \u00e0 pr\u00e9server les performances des installations thermiques. Son installation est rapide et adapt\u00e9e aux configurations standards. Un composant essentiel pour un chauffage stable et fiable.<\/p>","protected":false},"excerpt":{"rendered":"<p>Flamco vase d&rsquo;expansion chauffage central flexcon 35L 1,5kg 16930<\/p>","protected":false},"featured_media":22394,"comment_status":"open","ping_status":"closed","template":"","meta":[],"product_brand":[],"product_cat":[8840,11001],"product_tag":[],"class_list":{"0":"post-14448","1":"product","2":"type-product","3":"status-publish","4":"has-post-thumbnail","6":"product_cat-test","7":"product_cat-vase-dexpansion-chauffage","8":"pa_marque-flamco","10":"first","11":"instock","12":"sale","13":"taxable","14":"shipping-taxable","15":"purchasable","16":"product-type-simple"},"aioseo_notices":[],"_links":{"self":[{"href":"https:\/\/promochaudiere.be\/nl\/wp-json\/wp\/v2\/product\/14448","targetHints":{"allow":["GET"]}}],"collection":[{"href":"https:\/\/promochaudiere.be\/nl\/wp-json\/wp\/v2\/product"}],"about":[{"href":"https:\/\/promochaudiere.be\/nl\/wp-json\/wp\/v2\/types\/product"}],"replies":[{"embeddable":true,"href":"https:\/\/promochaudiere.be\/nl\/wp-json\/wp\/v2\/comments?post=14448"}],"version-history":[{"count":1,"href":"https:\/\/promochaudiere.be\/nl\/wp-json\/wp\/v2\/product\/14448\/revisions"}],"predecessor-version":[{"id":45608,"href":"https:\/\/promochaudiere.be\/nl\/wp-json\/wp\/v2\/product\/14448\/revisions\/45608"}],"wp:featuredmedia":[{"embeddable":true,"href":"https:\/\/promochaudiere.be\/nl\/wp-json\/wp\/v2\/media\/22394"}],"wp:attachment":[{"href":"https:\/\/promochaudiere.be\/nl\/wp-json\/wp\/v2\/media?parent=14448"}],"wp:term":[{"taxonomy":"product_brand","embeddable":true,"href":"https:\/\/promochaudiere.be\/nl\/wp-json\/wp\/v2\/product_brand?post=14448"},{"taxonomy":"product_cat","embeddable":true,"href":"https:\/\/promochaudiere.be\/nl\/wp-json\/wp\/v2\/product_cat?post=14448"},{"taxonomy":"product_tag","embeddable":true,"href":"https:\/\/promochaudiere.be\/nl\/wp-json\/wp\/v2\/product_tag?post=14448"}],"curies":[{"name":"wp","href":"https:\/\/api.w.org\/{rel}","templated":true}]}}