{"id":14449,"date":"2025-01-17T09:52:25","date_gmt":"2025-01-17T09:52:25","guid":{"rendered":"https:\/\/promochaudiere.be\/produit\/flamco-vase-dexpansion-chauffage-central-flexcon-35-litre-1kg-16929\/"},"modified":"2026-02-03T19:39:58","modified_gmt":"2026-02-03T18:39:58","slug":"flamco-vase-dexpansion-chauffage-central-flexcon-35-litre-1kg-16929","status":"publish","type":"product","link":"https:\/\/promochaudiere.be\/nl\/product\/flamco-vase-dexpansion-chauffage-central-flexcon-35-litre-1kg-16929\/","title":{"rendered":"Flamco vase d&rsquo;expansion chauffage central flexcon  35 litre 1kg 16929"},"content":{"rendered":"<p>Ce vase d\u2019expansion assure une r\u00e9gulation optimale de la pression dans les circuits de chauffage. Son volume de 35 litres permet d\u2019absorber efficacement les variations de pression. Con\u00e7u en mat\u00e9riaux r\u00e9sistants, il garantit une longue dur\u00e9e de vie. Il pr\u00e9vient les surpressions et prot\u00e8ge les installations contre les dommages. Facile \u00e0 installer, il optimise la stabilit\u00e9 du syst\u00e8me. Une solution id\u00e9ale pour un chauffage s\u00e9curis\u00e9 et performant.<\/p>","protected":false},"excerpt":{"rendered":"<p>Flamco vase d&rsquo;expansion chauffage central flexcon  35 litre 1kg 16929<\/p>","protected":false},"featured_media":22393,"comment_status":"open","ping_status":"closed","template":"","meta":[],"product_brand":[],"product_cat":[8840,11001],"product_tag":[],"class_list":{"0":"post-14449","1":"product","2":"type-product","3":"status-publish","4":"has-post-thumbnail","6":"product_cat-test","7":"product_cat-vase-dexpansion-chauffage","8":"pa_marque-flamco","10":"first","11":"instock","12":"sale","13":"taxable","14":"shipping-taxable","15":"purchasable","16":"product-type-simple"},"aioseo_notices":[],"_links":{"self":[{"href":"https:\/\/promochaudiere.be\/nl\/wp-json\/wp\/v2\/product\/14449","targetHints":{"allow":["GET"]}}],"collection":[{"href":"https:\/\/promochaudiere.be\/nl\/wp-json\/wp\/v2\/product"}],"about":[{"href":"https:\/\/promochaudiere.be\/nl\/wp-json\/wp\/v2\/types\/product"}],"replies":[{"embeddable":true,"href":"https:\/\/promochaudiere.be\/nl\/wp-json\/wp\/v2\/comments?post=14449"}],"version-history":[{"count":1,"href":"https:\/\/promochaudiere.be\/nl\/wp-json\/wp\/v2\/product\/14449\/revisions"}],"predecessor-version":[{"id":45609,"href":"https:\/\/promochaudiere.be\/nl\/wp-json\/wp\/v2\/product\/14449\/revisions\/45609"}],"wp:featuredmedia":[{"embeddable":true,"href":"https:\/\/promochaudiere.be\/nl\/wp-json\/wp\/v2\/media\/22393"}],"wp:attachment":[{"href":"https:\/\/promochaudiere.be\/nl\/wp-json\/wp\/v2\/media?parent=14449"}],"wp:term":[{"taxonomy":"product_brand","embeddable":true,"href":"https:\/\/promochaudiere.be\/nl\/wp-json\/wp\/v2\/product_brand?post=14449"},{"taxonomy":"product_cat","embeddable":true,"href":"https:\/\/promochaudiere.be\/nl\/wp-json\/wp\/v2\/product_cat?post=14449"},{"taxonomy":"product_tag","embeddable":true,"href":"https:\/\/promochaudiere.be\/nl\/wp-json\/wp\/v2\/product_tag?post=14449"}],"curies":[{"name":"wp","href":"https:\/\/api.w.org\/{rel}","templated":true}]}}