{"id":14450,"date":"2025-01-17T09:52:26","date_gmt":"2025-01-17T09:52:26","guid":{"rendered":"https:\/\/promochaudiere.be\/produit\/vaillant-commande-a-distance-vr91f-sans-fil-0020231566\/"},"modified":"2026-02-03T18:15:18","modified_gmt":"2026-02-03T17:15:18","slug":"vaillant-commande-a-distance-vr91f-sans-fil-0020231566","status":"publish","type":"product","link":"https:\/\/promochaudiere.be\/nl\/product\/vaillant-commande-a-distance-vr91f-sans-fil-0020231566\/","title":{"rendered":"VAILLANT COMMANDE A DISTANCE VR91F SANS FIL 0020231566"},"content":{"rendered":"<p>Cette commande \u00e0 distance sans fil Vaillant VR91F permet de piloter la temp\u00e9rature du chauffage \u00e0 distance. Elle offre une gestion intuitive et am\u00e9liore le confort domestique tout en r\u00e9duisant la consommation d\u2019\u00e9nergie.<\/p>","protected":false},"excerpt":{"rendered":"<p>VAILLANT COMMANDE A DISTANCE VR91F SANS FIL 0020231566<\/p>","protected":false},"featured_media":21918,"comment_status":"open","ping_status":"closed","template":"","meta":[],"product_brand":[],"product_cat":[8917,8840],"product_tag":[],"class_list":{"0":"post-14450","1":"product","2":"type-product","3":"status-publish","4":"has-post-thumbnail","6":"product_cat-pieces-detachees-vaillant","7":"product_cat-test","8":"pa_marque-vaillant","10":"first","11":"instock","12":"sale","13":"taxable","14":"shipping-taxable","15":"purchasable","16":"product-type-simple"},"aioseo_notices":[],"_links":{"self":[{"href":"https:\/\/promochaudiere.be\/nl\/wp-json\/wp\/v2\/product\/14450","targetHints":{"allow":["GET"]}}],"collection":[{"href":"https:\/\/promochaudiere.be\/nl\/wp-json\/wp\/v2\/product"}],"about":[{"href":"https:\/\/promochaudiere.be\/nl\/wp-json\/wp\/v2\/types\/product"}],"replies":[{"embeddable":true,"href":"https:\/\/promochaudiere.be\/nl\/wp-json\/wp\/v2\/comments?post=14450"}],"version-history":[{"count":1,"href":"https:\/\/promochaudiere.be\/nl\/wp-json\/wp\/v2\/product\/14450\/revisions"}],"predecessor-version":[{"id":53020,"href":"https:\/\/promochaudiere.be\/nl\/wp-json\/wp\/v2\/product\/14450\/revisions\/53020"}],"wp:featuredmedia":[{"embeddable":true,"href":"https:\/\/promochaudiere.be\/nl\/wp-json\/wp\/v2\/media\/21918"}],"wp:attachment":[{"href":"https:\/\/promochaudiere.be\/nl\/wp-json\/wp\/v2\/media?parent=14450"}],"wp:term":[{"taxonomy":"product_brand","embeddable":true,"href":"https:\/\/promochaudiere.be\/nl\/wp-json\/wp\/v2\/product_brand?post=14450"},{"taxonomy":"product_cat","embeddable":true,"href":"https:\/\/promochaudiere.be\/nl\/wp-json\/wp\/v2\/product_cat?post=14450"},{"taxonomy":"product_tag","embeddable":true,"href":"https:\/\/promochaudiere.be\/nl\/wp-json\/wp\/v2\/product_tag?post=14450"}],"curies":[{"name":"wp","href":"https:\/\/api.w.org\/{rel}","templated":true}]}}