{"id":14453,"date":"2025-01-17T09:52:27","date_gmt":"2025-01-17T09:52:27","guid":{"rendered":"https:\/\/promochaudiere.be\/produit\/sonde-pour-gaz-naturel-gco100153\/"},"modified":"2026-02-03T18:15:18","modified_gmt":"2026-02-03T17:15:18","slug":"sonde-pour-gaz-naturel-gco100153","status":"publish","type":"product","link":"https:\/\/promochaudiere.be\/nl\/product\/sonde-pour-gaz-naturel-gco100153\/","title":{"rendered":"SONDE POUR GAZ NATUREL GCO100153"},"content":{"rendered":"<p>Cette sonde est sp\u00e9cialement con\u00e7ue pour d\u00e9tecter les fuites de gaz naturel et assurer une s\u00e9curit\u00e9 maximale. Facile \u00e0 installer, elle se connecte \u00e0 des syst\u00e8mes de d\u00e9tection pour offrir une protection efficace contre les risques d\u2019intoxication et d\u2019explosion.<\/p>","protected":false},"excerpt":{"rendered":"<p>SONDE POUR GAZ NATUREL GCO100153<\/p>","protected":false},"featured_media":21474,"comment_status":"open","ping_status":"closed","template":"","meta":[],"product_brand":[],"product_cat":[5549,8840],"product_tag":[],"class_list":{"0":"post-14453","1":"product","2":"type-product","3":"status-publish","4":"has-post-thumbnail","6":"product_cat-accessoires-gaz","7":"product_cat-test","9":"first","10":"instock","11":"sale","12":"taxable","13":"shipping-taxable","14":"purchasable","15":"product-type-simple"},"aioseo_notices":[],"_links":{"self":[{"href":"https:\/\/promochaudiere.be\/nl\/wp-json\/wp\/v2\/product\/14453","targetHints":{"allow":["GET"]}}],"collection":[{"href":"https:\/\/promochaudiere.be\/nl\/wp-json\/wp\/v2\/product"}],"about":[{"href":"https:\/\/promochaudiere.be\/nl\/wp-json\/wp\/v2\/types\/product"}],"replies":[{"embeddable":true,"href":"https:\/\/promochaudiere.be\/nl\/wp-json\/wp\/v2\/comments?post=14453"}],"version-history":[{"count":1,"href":"https:\/\/promochaudiere.be\/nl\/wp-json\/wp\/v2\/product\/14453\/revisions"}],"predecessor-version":[{"id":53019,"href":"https:\/\/promochaudiere.be\/nl\/wp-json\/wp\/v2\/product\/14453\/revisions\/53019"}],"wp:featuredmedia":[{"embeddable":true,"href":"https:\/\/promochaudiere.be\/nl\/wp-json\/wp\/v2\/media\/21474"}],"wp:attachment":[{"href":"https:\/\/promochaudiere.be\/nl\/wp-json\/wp\/v2\/media?parent=14453"}],"wp:term":[{"taxonomy":"product_brand","embeddable":true,"href":"https:\/\/promochaudiere.be\/nl\/wp-json\/wp\/v2\/product_brand?post=14453"},{"taxonomy":"product_cat","embeddable":true,"href":"https:\/\/promochaudiere.be\/nl\/wp-json\/wp\/v2\/product_cat?post=14453"},{"taxonomy":"product_tag","embeddable":true,"href":"https:\/\/promochaudiere.be\/nl\/wp-json\/wp\/v2\/product_tag?post=14453"}],"curies":[{"name":"wp","href":"https:\/\/api.w.org\/{rel}","templated":true}]}}