{"id":14454,"date":"2025-01-17T09:52:27","date_gmt":"2025-01-17T09:52:27","guid":{"rendered":"https:\/\/promochaudiere.be\/produit\/sonde-pour-propane-lpg-gco100121\/"},"modified":"2026-02-03T18:15:18","modified_gmt":"2026-02-03T17:15:18","slug":"sonde-pour-propane-lpg-gco100121","status":"publish","type":"product","link":"https:\/\/promochaudiere.be\/nl\/product\/sonde-pour-propane-lpg-gco100121\/","title":{"rendered":"SONDE POUR PROPANE\/LPG GCO100121"},"content":{"rendered":"<p>Cette sonde est con\u00e7ue pour d\u00e9tecter avec pr\u00e9cision la pr\u00e9sence de propane\/LPG dans les installations gaz. Elle assure une surveillance efficace et pr\u00e9vient les fuites dangereuses. Son installation est simple et rapide, garantissant une s\u00e9curit\u00e9 optimale. Un accessoire indispensable pour une utilisation s\u00e9curis\u00e9e du gaz.<\/p>","protected":false},"excerpt":{"rendered":"<p>SONDE POUR PROPANE\/LPG GCO100121<\/p>","protected":false},"featured_media":21471,"comment_status":"open","ping_status":"closed","template":"","meta":[],"product_brand":[],"product_cat":[5549,8840],"product_tag":[],"class_list":{"0":"post-14454","1":"product","2":"type-product","3":"status-publish","4":"has-post-thumbnail","6":"product_cat-accessoires-gaz","7":"product_cat-test","9":"first","10":"instock","11":"sale","12":"taxable","13":"shipping-taxable","14":"purchasable","15":"product-type-simple"},"aioseo_notices":[],"_links":{"self":[{"href":"https:\/\/promochaudiere.be\/nl\/wp-json\/wp\/v2\/product\/14454","targetHints":{"allow":["GET"]}}],"collection":[{"href":"https:\/\/promochaudiere.be\/nl\/wp-json\/wp\/v2\/product"}],"about":[{"href":"https:\/\/promochaudiere.be\/nl\/wp-json\/wp\/v2\/types\/product"}],"replies":[{"embeddable":true,"href":"https:\/\/promochaudiere.be\/nl\/wp-json\/wp\/v2\/comments?post=14454"}],"version-history":[{"count":1,"href":"https:\/\/promochaudiere.be\/nl\/wp-json\/wp\/v2\/product\/14454\/revisions"}],"predecessor-version":[{"id":53018,"href":"https:\/\/promochaudiere.be\/nl\/wp-json\/wp\/v2\/product\/14454\/revisions\/53018"}],"wp:featuredmedia":[{"embeddable":true,"href":"https:\/\/promochaudiere.be\/nl\/wp-json\/wp\/v2\/media\/21471"}],"wp:attachment":[{"href":"https:\/\/promochaudiere.be\/nl\/wp-json\/wp\/v2\/media?parent=14454"}],"wp:term":[{"taxonomy":"product_brand","embeddable":true,"href":"https:\/\/promochaudiere.be\/nl\/wp-json\/wp\/v2\/product_brand?post=14454"},{"taxonomy":"product_cat","embeddable":true,"href":"https:\/\/promochaudiere.be\/nl\/wp-json\/wp\/v2\/product_cat?post=14454"},{"taxonomy":"product_tag","embeddable":true,"href":"https:\/\/promochaudiere.be\/nl\/wp-json\/wp\/v2\/product_tag?post=14454"}],"curies":[{"name":"wp","href":"https:\/\/api.w.org\/{rel}","templated":true}]}}