{"id":14460,"date":"2025-01-17T09:52:29","date_gmt":"2025-01-17T09:52:29","guid":{"rendered":"https:\/\/promochaudiere.be\/produit\/pompe-fioul-suntec-electrovan-de-type-as47-c-103179\/"},"modified":"2026-02-03T18:15:20","modified_gmt":"2026-02-03T17:15:20","slug":"pompe-fioul-suntec-electrovan-de-type-as47-c-103179","status":"publish","type":"product","link":"https:\/\/promochaudiere.be\/nl\/product\/pompe-fioul-suntec-electrovan-de-type-as47-c-103179\/","title":{"rendered":"Pompe fioul SUNTEC electrovan de type AS47 C 103179"},"content":{"rendered":"<p>Cette pompe fioul Suntec AS47 C est \u00e9quip\u00e9e d\u2019une \u00e9lectrovanne int\u00e9gr\u00e9e, garantissant un contr\u00f4le pr\u00e9cis du d\u00e9bit de carburant. Sa conception robuste lui assure une longue dur\u00e9e de vie et une r\u00e9sistance optimale aux conditions de fonctionnement exigeantes. Compatible avec de nombreux br\u00fbleurs, elle assure une combustion efficace et stable. Son installation est rapide et ne n\u00e9cessite qu\u2019un minimum d\u2019entretien. Un composant essentiel pour un fonctionnement fiable des chaudi\u00e8res fioul.<\/p>","protected":false},"excerpt":{"rendered":"<p>Pompe fioul SUNTEC electrovan de type AS47 C 103179<\/p>","protected":false},"featured_media":22519,"comment_status":"open","ping_status":"closed","template":"","meta":[],"product_brand":[],"product_cat":[5515,8840],"product_tag":[],"class_list":{"0":"post-14460","1":"product","2":"type-product","3":"status-publish","4":"has-post-thumbnail","6":"product_cat-accessoires-fioul","7":"product_cat-test","9":"first","10":"instock","11":"sale","12":"taxable","13":"shipping-taxable","14":"purchasable","15":"product-type-simple"},"aioseo_notices":[],"_links":{"self":[{"href":"https:\/\/promochaudiere.be\/nl\/wp-json\/wp\/v2\/product\/14460","targetHints":{"allow":["GET"]}}],"collection":[{"href":"https:\/\/promochaudiere.be\/nl\/wp-json\/wp\/v2\/product"}],"about":[{"href":"https:\/\/promochaudiere.be\/nl\/wp-json\/wp\/v2\/types\/product"}],"replies":[{"embeddable":true,"href":"https:\/\/promochaudiere.be\/nl\/wp-json\/wp\/v2\/comments?post=14460"}],"version-history":[{"count":1,"href":"https:\/\/promochaudiere.be\/nl\/wp-json\/wp\/v2\/product\/14460\/revisions"}],"predecessor-version":[{"id":53016,"href":"https:\/\/promochaudiere.be\/nl\/wp-json\/wp\/v2\/product\/14460\/revisions\/53016"}],"wp:featuredmedia":[{"embeddable":true,"href":"https:\/\/promochaudiere.be\/nl\/wp-json\/wp\/v2\/media\/22519"}],"wp:attachment":[{"href":"https:\/\/promochaudiere.be\/nl\/wp-json\/wp\/v2\/media?parent=14460"}],"wp:term":[{"taxonomy":"product_brand","embeddable":true,"href":"https:\/\/promochaudiere.be\/nl\/wp-json\/wp\/v2\/product_brand?post=14460"},{"taxonomy":"product_cat","embeddable":true,"href":"https:\/\/promochaudiere.be\/nl\/wp-json\/wp\/v2\/product_cat?post=14460"},{"taxonomy":"product_tag","embeddable":true,"href":"https:\/\/promochaudiere.be\/nl\/wp-json\/wp\/v2\/product_tag?post=14460"}],"curies":[{"name":"wp","href":"https:\/\/api.w.org\/{rel}","templated":true}]}}