{"id":14463,"date":"2025-01-17T09:52:30","date_gmt":"2025-01-17T09:52:30","guid":{"rendered":"https:\/\/promochaudiere.be\/produit\/junkers-vase-expansion-87154073280\/"},"modified":"2026-02-03T18:15:20","modified_gmt":"2026-02-03T17:15:20","slug":"junkers-vase-expansion-87154073280","status":"publish","type":"product","link":"https:\/\/promochaudiere.be\/nl\/product\/junkers-vase-expansion-87154073280\/","title":{"rendered":"JUNKERS VASE EXPANSION 87154073280"},"content":{"rendered":"<p>Ce mod\u00e8le de vase d\u2019expansion Junkers permet une compensation efficace des variations de pression dans les circuits de chauffage. Sa conception robuste et sa capacit\u00e9 optimis\u00e9e assurent un fonctionnement s\u00e9curis\u00e9 et durable.<\/p>","protected":false},"excerpt":{"rendered":"<p>JUNKERS VASE EXPANSION 87154073280<\/p>","protected":false},"featured_media":21787,"comment_status":"open","ping_status":"closed","template":"","meta":[],"product_brand":[],"product_cat":[9485,8840],"product_tag":[],"class_list":{"0":"post-14463","1":"product","2":"type-product","3":"status-publish","4":"has-post-thumbnail","6":"product_cat-pieces-detachees-bosch","7":"product_cat-test","8":"pa_marque-bosch","10":"first","11":"instock","12":"sale","13":"taxable","14":"shipping-taxable","15":"purchasable","16":"product-type-simple"},"aioseo_notices":[],"_links":{"self":[{"href":"https:\/\/promochaudiere.be\/nl\/wp-json\/wp\/v2\/product\/14463","targetHints":{"allow":["GET"]}}],"collection":[{"href":"https:\/\/promochaudiere.be\/nl\/wp-json\/wp\/v2\/product"}],"about":[{"href":"https:\/\/promochaudiere.be\/nl\/wp-json\/wp\/v2\/types\/product"}],"replies":[{"embeddable":true,"href":"https:\/\/promochaudiere.be\/nl\/wp-json\/wp\/v2\/comments?post=14463"}],"version-history":[{"count":1,"href":"https:\/\/promochaudiere.be\/nl\/wp-json\/wp\/v2\/product\/14463\/revisions"}],"predecessor-version":[{"id":45600,"href":"https:\/\/promochaudiere.be\/nl\/wp-json\/wp\/v2\/product\/14463\/revisions\/45600"}],"wp:featuredmedia":[{"embeddable":true,"href":"https:\/\/promochaudiere.be\/nl\/wp-json\/wp\/v2\/media\/21787"}],"wp:attachment":[{"href":"https:\/\/promochaudiere.be\/nl\/wp-json\/wp\/v2\/media?parent=14463"}],"wp:term":[{"taxonomy":"product_brand","embeddable":true,"href":"https:\/\/promochaudiere.be\/nl\/wp-json\/wp\/v2\/product_brand?post=14463"},{"taxonomy":"product_cat","embeddable":true,"href":"https:\/\/promochaudiere.be\/nl\/wp-json\/wp\/v2\/product_cat?post=14463"},{"taxonomy":"product_tag","embeddable":true,"href":"https:\/\/promochaudiere.be\/nl\/wp-json\/wp\/v2\/product_tag?post=14463"}],"curies":[{"name":"wp","href":"https:\/\/api.w.org\/{rel}","templated":true}]}}