{"id":14465,"date":"2025-01-17T09:52:31","date_gmt":"2025-01-17T09:52:31","guid":{"rendered":"https:\/\/promochaudiere.be\/produit\/bosch-ventilateur-87160112970\/"},"modified":"2026-02-03T18:15:21","modified_gmt":"2026-02-03T17:15:21","slug":"bosch-ventilateur-87160112970","status":"publish","type":"product","link":"https:\/\/promochaudiere.be\/nl\/product\/bosch-ventilateur-87160112970\/","title":{"rendered":"Bosch Ventilateur \/\/ 87160112970"},"content":{"rendered":"<p>Ce ventilateur Bosch est con\u00e7u pour optimiser la circulation de l\u2019air dans les chaudi\u00e8res, garantissant ainsi une combustion efficace. Il contribue \u00e0 am\u00e9liorer le rendement \u00e9nerg\u00e9tique et \u00e0 r\u00e9duire la consommation de gaz. Un accessoire indispensable pour un chauffage performant.<\/p>","protected":false},"excerpt":{"rendered":"<p>Bosch Ventilateur \/\/ 87160112970<\/p>","protected":false},"featured_media":21864,"comment_status":"open","ping_status":"closed","template":"","meta":[],"product_brand":[],"product_cat":[9485,8840],"product_tag":[],"class_list":{"0":"post-14465","1":"product","2":"type-product","3":"status-publish","4":"has-post-thumbnail","6":"product_cat-pieces-detachees-bosch","7":"product_cat-test","8":"pa_marque-bosch","10":"first","11":"instock","12":"sale","13":"taxable","14":"shipping-taxable","15":"purchasable","16":"product-type-simple"},"aioseo_notices":[],"_links":{"self":[{"href":"https:\/\/promochaudiere.be\/nl\/wp-json\/wp\/v2\/product\/14465","targetHints":{"allow":["GET"]}}],"collection":[{"href":"https:\/\/promochaudiere.be\/nl\/wp-json\/wp\/v2\/product"}],"about":[{"href":"https:\/\/promochaudiere.be\/nl\/wp-json\/wp\/v2\/types\/product"}],"replies":[{"embeddable":true,"href":"https:\/\/promochaudiere.be\/nl\/wp-json\/wp\/v2\/comments?post=14465"}],"version-history":[{"count":1,"href":"https:\/\/promochaudiere.be\/nl\/wp-json\/wp\/v2\/product\/14465\/revisions"}],"predecessor-version":[{"id":45597,"href":"https:\/\/promochaudiere.be\/nl\/wp-json\/wp\/v2\/product\/14465\/revisions\/45597"}],"wp:featuredmedia":[{"embeddable":true,"href":"https:\/\/promochaudiere.be\/nl\/wp-json\/wp\/v2\/media\/21864"}],"wp:attachment":[{"href":"https:\/\/promochaudiere.be\/nl\/wp-json\/wp\/v2\/media?parent=14465"}],"wp:term":[{"taxonomy":"product_brand","embeddable":true,"href":"https:\/\/promochaudiere.be\/nl\/wp-json\/wp\/v2\/product_brand?post=14465"},{"taxonomy":"product_cat","embeddable":true,"href":"https:\/\/promochaudiere.be\/nl\/wp-json\/wp\/v2\/product_cat?post=14465"},{"taxonomy":"product_tag","embeddable":true,"href":"https:\/\/promochaudiere.be\/nl\/wp-json\/wp\/v2\/product_tag?post=14465"}],"curies":[{"name":"wp","href":"https:\/\/api.w.org\/{rel}","templated":true}]}}