{"id":14469,"date":"2025-01-17T09:52:32","date_gmt":"2025-01-17T09:52:32","guid":{"rendered":"https:\/\/promochaudiere.be\/produit\/vaillant-mecanisme-gaz-0020019991\/"},"modified":"2026-02-03T18:15:35","modified_gmt":"2026-02-03T17:15:35","slug":"vaillant-mecanisme-gaz-0020019991","status":"publish","type":"product","link":"https:\/\/promochaudiere.be\/product\/vaillant-mecanisme-gaz-0020019991\/","title":{"rendered":"Vaillant M\u00e9canisme gaz 0020019991"},"content":{"rendered":"<p>Ce m\u00e9canisme gaz Vaillant assure une combustion efficace et s\u00e9curis\u00e9e dans les chaudi\u00e8res. Il garantit une alimentation en gaz stable pour optimiser le rendement thermique. Con\u00e7u pour r\u00e9sister aux hautes temp\u00e9ratures, il offre une durabilit\u00e9 exceptionnelle. Son installation rapide simplifie la maintenance des \u00e9quipements. Un composant essentiel pour un chauffage fiable et performant.<\/p>","protected":false},"excerpt":{"rendered":"<p>Vaillant M\u00e9canisme gaz 0020019991<\/p>","protected":false},"featured_media":21770,"comment_status":"open","ping_status":"closed","template":"","meta":[],"product_brand":[],"product_cat":[8917,8840],"product_tag":[],"class_list":{"0":"post-14469","1":"product","2":"type-product","3":"status-publish","4":"has-post-thumbnail","6":"product_cat-pieces-detachees-vaillant","7":"product_cat-test","8":"pa_marque-vaillant","10":"first","11":"instock","12":"sale","13":"taxable","14":"shipping-taxable","15":"purchasable","16":"product-type-simple"},"aioseo_notices":[],"_links":{"self":[{"href":"https:\/\/promochaudiere.be\/nl\/wp-json\/wp\/v2\/product\/14469","targetHints":{"allow":["GET"]}}],"collection":[{"href":"https:\/\/promochaudiere.be\/nl\/wp-json\/wp\/v2\/product"}],"about":[{"href":"https:\/\/promochaudiere.be\/nl\/wp-json\/wp\/v2\/types\/product"}],"replies":[{"embeddable":true,"href":"https:\/\/promochaudiere.be\/nl\/wp-json\/wp\/v2\/comments?post=14469"}],"version-history":[{"count":1,"href":"https:\/\/promochaudiere.be\/nl\/wp-json\/wp\/v2\/product\/14469\/revisions"}],"predecessor-version":[{"id":53014,"href":"https:\/\/promochaudiere.be\/nl\/wp-json\/wp\/v2\/product\/14469\/revisions\/53014"}],"wp:featuredmedia":[{"embeddable":true,"href":"https:\/\/promochaudiere.be\/nl\/wp-json\/wp\/v2\/media\/21770"}],"wp:attachment":[{"href":"https:\/\/promochaudiere.be\/nl\/wp-json\/wp\/v2\/media?parent=14469"}],"wp:term":[{"taxonomy":"product_brand","embeddable":true,"href":"https:\/\/promochaudiere.be\/nl\/wp-json\/wp\/v2\/product_brand?post=14469"},{"taxonomy":"product_cat","embeddable":true,"href":"https:\/\/promochaudiere.be\/nl\/wp-json\/wp\/v2\/product_cat?post=14469"},{"taxonomy":"product_tag","embeddable":true,"href":"https:\/\/promochaudiere.be\/nl\/wp-json\/wp\/v2\/product_tag?post=14469"}],"curies":[{"name":"wp","href":"https:\/\/api.w.org\/{rel}","templated":true}]}}