{"id":14470,"date":"2025-01-17T09:52:33","date_gmt":"2025-01-17T09:52:33","guid":{"rendered":"https:\/\/promochaudiere.be\/produit\/vaillant-echangeur-sanitaire-065131\/"},"modified":"2026-02-03T18:15:20","modified_gmt":"2026-02-03T17:15:20","slug":"vaillant-echangeur-sanitaire-065131","status":"publish","type":"product","link":"https:\/\/promochaudiere.be\/nl\/product\/vaillant-echangeur-sanitaire-065131\/","title":{"rendered":"Vaillant \u00e9changeur sanitaire 065131"},"content":{"rendered":"<p>Cet \u00e9changeur sanitaire Vaillant assure une production rapide et efficace d\u2019eau chaude. Il permet un transfert de chaleur optimal et une \u00e9conomie d\u2019\u00e9nergie significative. Son installation est simple et compatible avec plusieurs mod\u00e8les de chaudi\u00e8res. Un \u00e9l\u00e9ment essentiel pour am\u00e9liorer la performance des syst\u00e8mes thermiques.<\/p>","protected":false},"excerpt":{"rendered":"<p>Vaillant \u00e9changeur sanitaire 065131<\/p>","protected":false},"featured_media":21889,"comment_status":"open","ping_status":"closed","template":"","meta":[],"product_brand":[],"product_cat":[8917,8840],"product_tag":[],"class_list":{"0":"post-14470","1":"product","2":"type-product","3":"status-publish","4":"has-post-thumbnail","6":"product_cat-pieces-detachees-vaillant","7":"product_cat-test","8":"pa_marque-vaillant","10":"first","11":"instock","12":"sale","13":"taxable","14":"shipping-taxable","15":"purchasable","16":"product-type-simple"},"aioseo_notices":[],"_links":{"self":[{"href":"https:\/\/promochaudiere.be\/nl\/wp-json\/wp\/v2\/product\/14470","targetHints":{"allow":["GET"]}}],"collection":[{"href":"https:\/\/promochaudiere.be\/nl\/wp-json\/wp\/v2\/product"}],"about":[{"href":"https:\/\/promochaudiere.be\/nl\/wp-json\/wp\/v2\/types\/product"}],"replies":[{"embeddable":true,"href":"https:\/\/promochaudiere.be\/nl\/wp-json\/wp\/v2\/comments?post=14470"}],"version-history":[{"count":1,"href":"https:\/\/promochaudiere.be\/nl\/wp-json\/wp\/v2\/product\/14470\/revisions"}],"predecessor-version":[{"id":53013,"href":"https:\/\/promochaudiere.be\/nl\/wp-json\/wp\/v2\/product\/14470\/revisions\/53013"}],"wp:featuredmedia":[{"embeddable":true,"href":"https:\/\/promochaudiere.be\/nl\/wp-json\/wp\/v2\/media\/21889"}],"wp:attachment":[{"href":"https:\/\/promochaudiere.be\/nl\/wp-json\/wp\/v2\/media?parent=14470"}],"wp:term":[{"taxonomy":"product_brand","embeddable":true,"href":"https:\/\/promochaudiere.be\/nl\/wp-json\/wp\/v2\/product_brand?post=14470"},{"taxonomy":"product_cat","embeddable":true,"href":"https:\/\/promochaudiere.be\/nl\/wp-json\/wp\/v2\/product_cat?post=14470"},{"taxonomy":"product_tag","embeddable":true,"href":"https:\/\/promochaudiere.be\/nl\/wp-json\/wp\/v2\/product_tag?post=14470"}],"curies":[{"name":"wp","href":"https:\/\/api.w.org\/{rel}","templated":true}]}}