{"id":14471,"date":"2025-01-17T09:52:33","date_gmt":"2025-01-17T09:52:33","guid":{"rendered":"https:\/\/promochaudiere.be\/produit\/honeywell-thermostat-dambiance-digitale-t4-programmation-journalier-classe-iv-2-t4h110a1013\/"},"modified":"2026-02-03T19:39:59","modified_gmt":"2026-02-03T18:39:59","slug":"honeywell-thermostat-dambiance-digitale-t4-programmation-journalier-classe-iv-2-t4h110a1013","status":"publish","type":"product","link":"https:\/\/promochaudiere.be\/nl\/product\/honeywell-thermostat-dambiance-digitale-t4-programmation-journalier-classe-iv-2-t4h110a1013\/","title":{"rendered":"HONEYWELL THERMOSTAT D&rsquo;AMBIANCE DIGITALE T4 PROGRAMMATION JOURNALIER CLASSE IV (2%) T4H110A1013"},"content":{"rendered":"<p>Ce thermostat digital Honeywell T4 offre une programmation avanc\u00e9e pour un contr\u00f4le pr\u00e9cis du chauffage. Son \u00e9cran large et intuitif facilite l\u2019ajustement des temp\u00e9ratures. Il permet une programmation hebdomadaire personnalis\u00e9e pour un confort thermique optimal. Facile \u00e0 installer, il est compatible avec une large gamme de syst\u00e8mes de chauffage. Con\u00e7u pour r\u00e9duire la consommation \u00e9nerg\u00e9tique, il optimise l\u2019efficacit\u00e9 du chauffage domestique. Un outil essentiel pour une gestion moderne et intelligente de la temp\u00e9rature.<\/p>","protected":false},"excerpt":{"rendered":"<p>HONEYWELL THERMOSTAT D&rsquo;AMBIANCE DIGITALE T4 PROGRAMMATION JOURNALIER CLASSE IV (2%) T4H110A1013<\/p>","protected":false},"featured_media":22380,"comment_status":"open","ping_status":"closed","template":"","meta":[],"product_brand":[],"product_cat":[8840,530],"product_tag":[],"class_list":{"0":"post-14471","1":"product","2":"type-product","3":"status-publish","4":"has-post-thumbnail","6":"product_cat-test","7":"product_cat-thermostat-honeywell","8":"pa_marque-honeywell","10":"first","11":"instock","12":"sale","13":"taxable","14":"shipping-taxable","15":"purchasable","16":"product-type-simple"},"aioseo_notices":[],"_links":{"self":[{"href":"https:\/\/promochaudiere.be\/nl\/wp-json\/wp\/v2\/product\/14471","targetHints":{"allow":["GET"]}}],"collection":[{"href":"https:\/\/promochaudiere.be\/nl\/wp-json\/wp\/v2\/product"}],"about":[{"href":"https:\/\/promochaudiere.be\/nl\/wp-json\/wp\/v2\/types\/product"}],"replies":[{"embeddable":true,"href":"https:\/\/promochaudiere.be\/nl\/wp-json\/wp\/v2\/comments?post=14471"}],"version-history":[{"count":1,"href":"https:\/\/promochaudiere.be\/nl\/wp-json\/wp\/v2\/product\/14471\/revisions"}],"predecessor-version":[{"id":45593,"href":"https:\/\/promochaudiere.be\/nl\/wp-json\/wp\/v2\/product\/14471\/revisions\/45593"}],"wp:featuredmedia":[{"embeddable":true,"href":"https:\/\/promochaudiere.be\/nl\/wp-json\/wp\/v2\/media\/22380"}],"wp:attachment":[{"href":"https:\/\/promochaudiere.be\/nl\/wp-json\/wp\/v2\/media?parent=14471"}],"wp:term":[{"taxonomy":"product_brand","embeddable":true,"href":"https:\/\/promochaudiere.be\/nl\/wp-json\/wp\/v2\/product_brand?post=14471"},{"taxonomy":"product_cat","embeddable":true,"href":"https:\/\/promochaudiere.be\/nl\/wp-json\/wp\/v2\/product_cat?post=14471"},{"taxonomy":"product_tag","embeddable":true,"href":"https:\/\/promochaudiere.be\/nl\/wp-json\/wp\/v2\/product_tag?post=14471"}],"curies":[{"name":"wp","href":"https:\/\/api.w.org\/{rel}","templated":true}]}}