{"id":14473,"date":"2025-01-17T09:52:34","date_gmt":"2025-01-17T09:52:34","guid":{"rendered":"https:\/\/promochaudiere.be\/produit\/bulex-vanne-3-voies-pour-thermomaster-f25-29-0020047001\/"},"modified":"2026-02-03T18:15:18","modified_gmt":"2026-02-03T17:15:18","slug":"bulex-vanne-3-voies-pour-thermomaster-f25-29-0020047001","status":"publish","type":"product","link":"https:\/\/promochaudiere.be\/nl\/product\/bulex-vanne-3-voies-pour-thermomaster-f25-29-0020047001\/","title":{"rendered":"Bulex vanne 3 voies pour Thermomaster F25\/29 0020047001"},"content":{"rendered":"<p>Cette vanne 3 voies Bulex permet une r\u00e9gulation fluide du passage de l\u2019eau entre le circuit de chauffage et l\u2019eau chaude sanitaire. Elle assure un ajustement automatique pour un confort thermique optimal. Facile \u00e0 installer, elle garantit une compatibilit\u00e9 parfaite avec les chaudi\u00e8res Thermomaster. Un composant cl\u00e9 pour un chauffage efficace.<\/p>","protected":false},"excerpt":{"rendered":"<p>Bulex vanne 3 voies pour Thermomaster F25\/29 0020047001<\/p>","protected":false},"featured_media":21986,"comment_status":"open","ping_status":"closed","template":"","meta":[],"product_brand":[],"product_cat":[9507,8840],"product_tag":[],"class_list":{"0":"post-14473","1":"product","2":"type-product","3":"status-publish","4":"has-post-thumbnail","6":"product_cat-pieces-detachees-bulex","7":"product_cat-test","8":"pa_marque-bulex","10":"first","11":"instock","12":"sale","13":"taxable","14":"shipping-taxable","15":"purchasable","16":"product-type-simple"},"aioseo_notices":[],"_links":{"self":[{"href":"https:\/\/promochaudiere.be\/nl\/wp-json\/wp\/v2\/product\/14473","targetHints":{"allow":["GET"]}}],"collection":[{"href":"https:\/\/promochaudiere.be\/nl\/wp-json\/wp\/v2\/product"}],"about":[{"href":"https:\/\/promochaudiere.be\/nl\/wp-json\/wp\/v2\/types\/product"}],"replies":[{"embeddable":true,"href":"https:\/\/promochaudiere.be\/nl\/wp-json\/wp\/v2\/comments?post=14473"}],"version-history":[{"count":1,"href":"https:\/\/promochaudiere.be\/nl\/wp-json\/wp\/v2\/product\/14473\/revisions"}],"predecessor-version":[{"id":45591,"href":"https:\/\/promochaudiere.be\/nl\/wp-json\/wp\/v2\/product\/14473\/revisions\/45591"}],"wp:featuredmedia":[{"embeddable":true,"href":"https:\/\/promochaudiere.be\/nl\/wp-json\/wp\/v2\/media\/21986"}],"wp:attachment":[{"href":"https:\/\/promochaudiere.be\/nl\/wp-json\/wp\/v2\/media?parent=14473"}],"wp:term":[{"taxonomy":"product_brand","embeddable":true,"href":"https:\/\/promochaudiere.be\/nl\/wp-json\/wp\/v2\/product_brand?post=14473"},{"taxonomy":"product_cat","embeddable":true,"href":"https:\/\/promochaudiere.be\/nl\/wp-json\/wp\/v2\/product_cat?post=14473"},{"taxonomy":"product_tag","embeddable":true,"href":"https:\/\/promochaudiere.be\/nl\/wp-json\/wp\/v2\/product_tag?post=14473"}],"curies":[{"name":"wp","href":"https:\/\/api.w.org\/{rel}","templated":true}]}}