{"id":14480,"date":"2025-01-17T09:52:39","date_gmt":"2025-01-17T09:52:39","guid":{"rendered":"https:\/\/promochaudiere.be\/produit\/passage-de-toit-double-paroi-pour-systeme-de-ventilation-200mm-1m-alu-400452678\/"},"modified":"2025-12-17T12:16:33","modified_gmt":"2025-12-17T12:16:33","slug":"passage-de-toit-double-paroi-pour-systeme-de-ventilation-200mm-1m-alu-400452678","status":"publish","type":"product","link":"https:\/\/promochaudiere.be\/nl\/product\/passage-de-toit-double-paroi-pour-systeme-de-ventilation-200mm-1m-alu-400452678\/","title":{"rendered":"PASSAGE DE TOIT DOUBLE PAROI POUR SYSTEME DE VENTILATION 200MM 1M ALU 400452678"},"content":{"rendered":"<p>Ce passage de toit double paroi est con\u00e7u pour optimiser l\u2019\u00e9vacuation de l\u2019air dans les installations de ventilation \u00d8160mm. Sa conception garantit une isolation thermique optimale et une \u00e9tanch\u00e9it\u00e9 parfaite contre les infiltrations. Il limite la condensation et am\u00e9liore l\u2019efficacit\u00e9 \u00e9nerg\u00e9tique du syst\u00e8me. Facile \u00e0 poser, il est compatible avec divers types de toitures. Id\u00e9al pour assurer un renouvellement d\u2019air constant et performant. Une solution fiable pour une gestion optimale de la ventilation.<\/p>","protected":false},"excerpt":{"rendered":"<p>PASSAGE DE TOIT DOUBLE PAROI POUR SYSTEME DE VENTILATION 200MM 1M ALU 400452678<\/p>","protected":false},"featured_media":22255,"comment_status":"open","ping_status":"closed","template":"","meta":[],"product_brand":[],"product_cat":[2791,8840],"product_tag":[],"class_list":{"0":"post-14480","1":"product","2":"type-product","3":"status-publish","4":"has-post-thumbnail","6":"product_cat-accessoires-de-ventilation","7":"product_cat-test","9":"first","10":"instock","11":"sale","12":"taxable","13":"shipping-taxable","14":"purchasable","15":"product-type-simple"},"aioseo_notices":[],"_links":{"self":[{"href":"https:\/\/promochaudiere.be\/nl\/wp-json\/wp\/v2\/product\/14480","targetHints":{"allow":["GET"]}}],"collection":[{"href":"https:\/\/promochaudiere.be\/nl\/wp-json\/wp\/v2\/product"}],"about":[{"href":"https:\/\/promochaudiere.be\/nl\/wp-json\/wp\/v2\/types\/product"}],"replies":[{"embeddable":true,"href":"https:\/\/promochaudiere.be\/nl\/wp-json\/wp\/v2\/comments?post=14480"}],"version-history":[{"count":1,"href":"https:\/\/promochaudiere.be\/nl\/wp-json\/wp\/v2\/product\/14480\/revisions"}],"predecessor-version":[{"id":53011,"href":"https:\/\/promochaudiere.be\/nl\/wp-json\/wp\/v2\/product\/14480\/revisions\/53011"}],"wp:featuredmedia":[{"embeddable":true,"href":"https:\/\/promochaudiere.be\/nl\/wp-json\/wp\/v2\/media\/22255"}],"wp:attachment":[{"href":"https:\/\/promochaudiere.be\/nl\/wp-json\/wp\/v2\/media?parent=14480"}],"wp:term":[{"taxonomy":"product_brand","embeddable":true,"href":"https:\/\/promochaudiere.be\/nl\/wp-json\/wp\/v2\/product_brand?post=14480"},{"taxonomy":"product_cat","embeddable":true,"href":"https:\/\/promochaudiere.be\/nl\/wp-json\/wp\/v2\/product_cat?post=14480"},{"taxonomy":"product_tag","embeddable":true,"href":"https:\/\/promochaudiere.be\/nl\/wp-json\/wp\/v2\/product_tag?post=14480"}],"curies":[{"name":"wp","href":"https:\/\/api.w.org\/{rel}","templated":true}]}}