{"id":14481,"date":"2025-01-17T09:52:39","date_gmt":"2025-01-17T09:52:39","guid":{"rendered":"https:\/\/promochaudiere.be\/produit\/honeywell-vanne-de-zone-3-voies-3-4-230v-3points-vc4613mh6000u\/"},"modified":"2026-02-03T18:15:20","modified_gmt":"2026-02-03T17:15:20","slug":"honeywell-vanne-de-zone-3-voies-3-4-230v-3points-vc4613mh6000u","status":"publish","type":"product","link":"https:\/\/promochaudiere.be\/nl\/product\/honeywell-vanne-de-zone-3-voies-3-4-230v-3points-vc4613mh6000u\/","title":{"rendered":"Honeywell Vanne de zone 3 VOIES 3\/4&Prime; 230V 3POINTS VC4613MH6000U"},"content":{"rendered":"<p>Cette vanne de zone Honeywell permet de r\u00e9guler efficacement la distribution de l\u2019eau chaude gr\u00e2ce \u00e0 son syst\u00e8me \u00e0 3 voies. Son moteur 230V assure un contr\u00f4le pr\u00e9cis du flux thermique, optimisant ainsi le confort et la consommation d\u2019\u00e9nergie. Sa conception en mat\u00e9riaux r\u00e9sistants garantit une utilisation fiable et durable. Facile \u00e0 installer, elle est compatible avec diff\u00e9rents types de syst\u00e8mes de chauffage. Un choix parfait pour une gestion thermique optimis\u00e9e.<\/p>","protected":false},"excerpt":{"rendered":"<p>Honeywell Vanne de zone 3 VOIES 3\/4&Prime; 230V 3POINTS VC4613MH6000U<\/p>","protected":false},"featured_media":22552,"comment_status":"open","ping_status":"closed","template":"","meta":[],"product_brand":[],"product_cat":[8840,5519],"product_tag":[],"class_list":{"0":"post-14481","1":"product","2":"type-product","3":"status-publish","4":"has-post-thumbnail","6":"product_cat-test","7":"product_cat-vanne","8":"pa_marque-honeywell","10":"first","11":"instock","12":"sale","13":"taxable","14":"shipping-taxable","15":"purchasable","16":"product-type-simple"},"aioseo_notices":[],"_links":{"self":[{"href":"https:\/\/promochaudiere.be\/nl\/wp-json\/wp\/v2\/product\/14481","targetHints":{"allow":["GET"]}}],"collection":[{"href":"https:\/\/promochaudiere.be\/nl\/wp-json\/wp\/v2\/product"}],"about":[{"href":"https:\/\/promochaudiere.be\/nl\/wp-json\/wp\/v2\/types\/product"}],"replies":[{"embeddable":true,"href":"https:\/\/promochaudiere.be\/nl\/wp-json\/wp\/v2\/comments?post=14481"}],"version-history":[{"count":1,"href":"https:\/\/promochaudiere.be\/nl\/wp-json\/wp\/v2\/product\/14481\/revisions"}],"predecessor-version":[{"id":45585,"href":"https:\/\/promochaudiere.be\/nl\/wp-json\/wp\/v2\/product\/14481\/revisions\/45585"}],"wp:featuredmedia":[{"embeddable":true,"href":"https:\/\/promochaudiere.be\/nl\/wp-json\/wp\/v2\/media\/22552"}],"wp:attachment":[{"href":"https:\/\/promochaudiere.be\/nl\/wp-json\/wp\/v2\/media?parent=14481"}],"wp:term":[{"taxonomy":"product_brand","embeddable":true,"href":"https:\/\/promochaudiere.be\/nl\/wp-json\/wp\/v2\/product_brand?post=14481"},{"taxonomy":"product_cat","embeddable":true,"href":"https:\/\/promochaudiere.be\/nl\/wp-json\/wp\/v2\/product_cat?post=14481"},{"taxonomy":"product_tag","embeddable":true,"href":"https:\/\/promochaudiere.be\/nl\/wp-json\/wp\/v2\/product_tag?post=14481"}],"curies":[{"name":"wp","href":"https:\/\/api.w.org\/{rel}","templated":true}]}}