{"id":14488,"date":"2025-01-17T09:52:42","date_gmt":"2025-01-17T09:52:42","guid":{"rendered":"https:\/\/promochaudiere.be\/produit\/clapet-de-retenue-5-4-gy-raccord-filete-149b3203\/"},"modified":"2026-02-03T18:15:03","modified_gmt":"2026-02-03T17:15:03","slug":"clapet-de-retenue-5-4-gy-raccord-filete-149b3203","status":"publish","type":"product","link":"https:\/\/promochaudiere.be\/nl\/product\/clapet-de-retenue-5-4-gy-raccord-filete-149b3203\/","title":{"rendered":"Clapet de retenue  5\/4  gy raccord filete 149B3203"},"content":{"rendered":"<p>Ce clapet de retenue est con\u00e7u pour emp\u00eacher le retour des fluides dans les circuits hydrauliques. Son raccord filet\u00e9 de 5\/4 permet une installation rapide et s\u00e9curis\u00e9e sur diverses canalisations. Il garantit un \u00e9coulement unidirectionnel efficace, \u00e9vitant les pertes de charge et optimisant le rendement des installations. Sa conception en mat\u00e9riaux r\u00e9sistants lui assure une longue dur\u00e9e de vie et une grande fiabilit\u00e9. Il est id\u00e9al pour les syst\u00e8mes de plomberie et de chauffage n\u00e9cessitant un contr\u00f4le pr\u00e9cis du flux. Un composant essentiel pour une installation performante et s\u00e9curis\u00e9e.<\/p>","protected":false},"excerpt":{"rendered":"<p>Clapet de retenue  5\/4  gy raccord filete 149B3203<\/p>","protected":false},"featured_media":22118,"comment_status":"open","ping_status":"closed","template":"","meta":[],"product_brand":[],"product_cat":[5491,8840],"product_tag":[],"class_list":{"0":"post-14488","1":"product","2":"type-product","3":"status-publish","4":"has-post-thumbnail","6":"product_cat-accessoires-fr","7":"product_cat-test","8":"pa_marque-dab","10":"first","11":"instock","12":"sale","13":"taxable","14":"shipping-taxable","15":"purchasable","16":"product-type-simple"},"aioseo_notices":[],"_links":{"self":[{"href":"https:\/\/promochaudiere.be\/nl\/wp-json\/wp\/v2\/product\/14488","targetHints":{"allow":["GET"]}}],"collection":[{"href":"https:\/\/promochaudiere.be\/nl\/wp-json\/wp\/v2\/product"}],"about":[{"href":"https:\/\/promochaudiere.be\/nl\/wp-json\/wp\/v2\/types\/product"}],"replies":[{"embeddable":true,"href":"https:\/\/promochaudiere.be\/nl\/wp-json\/wp\/v2\/comments?post=14488"}],"version-history":[{"count":1,"href":"https:\/\/promochaudiere.be\/nl\/wp-json\/wp\/v2\/product\/14488\/revisions"}],"predecessor-version":[{"id":45576,"href":"https:\/\/promochaudiere.be\/nl\/wp-json\/wp\/v2\/product\/14488\/revisions\/45576"}],"wp:featuredmedia":[{"embeddable":true,"href":"https:\/\/promochaudiere.be\/nl\/wp-json\/wp\/v2\/media\/22118"}],"wp:attachment":[{"href":"https:\/\/promochaudiere.be\/nl\/wp-json\/wp\/v2\/media?parent=14488"}],"wp:term":[{"taxonomy":"product_brand","embeddable":true,"href":"https:\/\/promochaudiere.be\/nl\/wp-json\/wp\/v2\/product_brand?post=14488"},{"taxonomy":"product_cat","embeddable":true,"href":"https:\/\/promochaudiere.be\/nl\/wp-json\/wp\/v2\/product_cat?post=14488"},{"taxonomy":"product_tag","embeddable":true,"href":"https:\/\/promochaudiere.be\/nl\/wp-json\/wp\/v2\/product_tag?post=14488"}],"curies":[{"name":"wp","href":"https:\/\/api.w.org\/{rel}","templated":true}]}}