{"id":14489,"date":"2025-01-17T09:52:42","date_gmt":"2025-01-17T09:52:42","guid":{"rendered":"https:\/\/promochaudiere.be\/produit\/caleffi-vanne-2-voies-motorisees-de-type-3-4-230v-642052\/"},"modified":"2026-02-03T19:40:00","modified_gmt":"2026-02-03T18:40:00","slug":"caleffi-vanne-2-voies-motorisees-de-type-3-4-230v-642052","status":"publish","type":"product","link":"https:\/\/promochaudiere.be\/nl\/product\/caleffi-vanne-2-voies-motorisees-de-type-3-4-230v-642052\/","title":{"rendered":"Caleffi Vanne 2 voies motoris\u00e9es de type 3\/4 230V 642052"},"content":{"rendered":"<p>Cette vanne motoris\u00e9e 2 voies de Caleffi est id\u00e9ale pour la r\u00e9gulation des circuits de chauffage. Fonctionnant sous 230V, elle assure un contr\u00f4le pr\u00e9cis du d\u00e9bit d&rsquo;eau. Son installation est simple et rapide gr\u00e2ce \u00e0 son format 3\/4. Robuste et fiable, elle garantit une longue dur\u00e9e de vie. Compatible avec diff\u00e9rents syst\u00e8mes, elle optimise l&rsquo;efficacit\u00e9 \u00e9nerg\u00e9tique. Une solution performante pour une gestion thermique ma\u00eetris\u00e9e.<\/p>","protected":false},"excerpt":{"rendered":"<p>Caleffi Vanne 2 voies motoris\u00e9es de type 3\/4 230V 642052<\/p>","protected":false},"featured_media":22556,"comment_status":"open","ping_status":"closed","template":"","meta":[],"product_brand":[],"product_cat":[8840,5519],"product_tag":[],"class_list":{"0":"post-14489","1":"product","2":"type-product","3":"status-publish","4":"has-post-thumbnail","6":"product_cat-test","7":"product_cat-vanne","8":"pa_marque-caleffi","10":"first","11":"instock","12":"sale","13":"taxable","14":"shipping-taxable","15":"purchasable","16":"product-type-simple"},"aioseo_notices":[],"_links":{"self":[{"href":"https:\/\/promochaudiere.be\/nl\/wp-json\/wp\/v2\/product\/14489","targetHints":{"allow":["GET"]}}],"collection":[{"href":"https:\/\/promochaudiere.be\/nl\/wp-json\/wp\/v2\/product"}],"about":[{"href":"https:\/\/promochaudiere.be\/nl\/wp-json\/wp\/v2\/types\/product"}],"replies":[{"embeddable":true,"href":"https:\/\/promochaudiere.be\/nl\/wp-json\/wp\/v2\/comments?post=14489"}],"version-history":[{"count":1,"href":"https:\/\/promochaudiere.be\/nl\/wp-json\/wp\/v2\/product\/14489\/revisions"}],"predecessor-version":[{"id":45577,"href":"https:\/\/promochaudiere.be\/nl\/wp-json\/wp\/v2\/product\/14489\/revisions\/45577"}],"wp:featuredmedia":[{"embeddable":true,"href":"https:\/\/promochaudiere.be\/nl\/wp-json\/wp\/v2\/media\/22556"}],"wp:attachment":[{"href":"https:\/\/promochaudiere.be\/nl\/wp-json\/wp\/v2\/media?parent=14489"}],"wp:term":[{"taxonomy":"product_brand","embeddable":true,"href":"https:\/\/promochaudiere.be\/nl\/wp-json\/wp\/v2\/product_brand?post=14489"},{"taxonomy":"product_cat","embeddable":true,"href":"https:\/\/promochaudiere.be\/nl\/wp-json\/wp\/v2\/product_cat?post=14489"},{"taxonomy":"product_tag","embeddable":true,"href":"https:\/\/promochaudiere.be\/nl\/wp-json\/wp\/v2\/product_tag?post=14489"}],"curies":[{"name":"wp","href":"https:\/\/api.w.org\/{rel}","templated":true}]}}