{"id":14490,"date":"2025-01-17T09:52:42","date_gmt":"2025-01-17T09:52:42","guid":{"rendered":"https:\/\/promochaudiere.be\/produit\/duco-commande-a-distance-rf-wired-blanc-00004602\/"},"modified":"2026-02-03T18:15:22","modified_gmt":"2026-02-03T17:15:22","slug":"duco-commande-a-distance-rf-wired-blanc-00004602","status":"publish","type":"product","link":"https:\/\/promochaudiere.be\/nl\/product\/duco-commande-a-distance-rf-wired-blanc-00004602\/","title":{"rendered":"Duco COMMANDE A DISTANCE RF\/WIRED BLANC 00004602"},"content":{"rendered":"<p>Ce module de commande filaire et sans fil permet un ajustement optimal du syst\u00e8me de ventilation. Son interface intuitive facilite le contr\u00f4le de l\u2019a\u00e9ration int\u00e9rieure. Son design blanc \u00e9pur\u00e9 s\u2019int\u00e8gre harmonieusement aux int\u00e9rieurs modernes. Facile \u00e0 installer, il am\u00e9liore la flexibilit\u00e9 des r\u00e9glages. Son syst\u00e8me performant garantit un confort thermique et une meilleure qualit\u00e9 de l\u2019air. Un accessoire essentiel pour une ventilation personnalis\u00e9e.<\/p>","protected":false},"excerpt":{"rendered":"<p>Duco COMMANDE A DISTANCE RF\/WIRED BLANC 00004602<\/p>","protected":false},"featured_media":22244,"comment_status":"open","ping_status":"closed","template":"","meta":[],"product_brand":[],"product_cat":[10943,8840],"product_tag":[],"class_list":{"0":"post-14490","1":"product","2":"type-product","3":"status-publish","4":"has-post-thumbnail","6":"product_cat-accessoires-duco","7":"product_cat-test","8":"pa_marque-duco","10":"first","11":"instock","12":"sale","13":"taxable","14":"shipping-taxable","15":"purchasable","16":"product-type-simple"},"aioseo_notices":[],"_links":{"self":[{"href":"https:\/\/promochaudiere.be\/nl\/wp-json\/wp\/v2\/product\/14490","targetHints":{"allow":["GET"]}}],"collection":[{"href":"https:\/\/promochaudiere.be\/nl\/wp-json\/wp\/v2\/product"}],"about":[{"href":"https:\/\/promochaudiere.be\/nl\/wp-json\/wp\/v2\/types\/product"}],"replies":[{"embeddable":true,"href":"https:\/\/promochaudiere.be\/nl\/wp-json\/wp\/v2\/comments?post=14490"}],"version-history":[{"count":1,"href":"https:\/\/promochaudiere.be\/nl\/wp-json\/wp\/v2\/product\/14490\/revisions"}],"predecessor-version":[{"id":45578,"href":"https:\/\/promochaudiere.be\/nl\/wp-json\/wp\/v2\/product\/14490\/revisions\/45578"}],"wp:featuredmedia":[{"embeddable":true,"href":"https:\/\/promochaudiere.be\/nl\/wp-json\/wp\/v2\/media\/22244"}],"wp:attachment":[{"href":"https:\/\/promochaudiere.be\/nl\/wp-json\/wp\/v2\/media?parent=14490"}],"wp:term":[{"taxonomy":"product_brand","embeddable":true,"href":"https:\/\/promochaudiere.be\/nl\/wp-json\/wp\/v2\/product_brand?post=14490"},{"taxonomy":"product_cat","embeddable":true,"href":"https:\/\/promochaudiere.be\/nl\/wp-json\/wp\/v2\/product_cat?post=14490"},{"taxonomy":"product_tag","embeddable":true,"href":"https:\/\/promochaudiere.be\/nl\/wp-json\/wp\/v2\/product_tag?post=14490"}],"curies":[{"name":"wp","href":"https:\/\/api.w.org\/{rel}","templated":true}]}}