{"id":14491,"date":"2025-01-17T09:52:42","date_gmt":"2025-01-17T09:52:42","guid":{"rendered":"https:\/\/promochaudiere.be\/produit\/duco-commande-a-distance-rf-wired-noir-00004601\/"},"modified":"2026-02-03T18:15:22","modified_gmt":"2026-02-03T17:15:22","slug":"duco-commande-a-distance-rf-wired-noir-00004601","status":"publish","type":"product","link":"https:\/\/promochaudiere.be\/nl\/product\/duco-commande-a-distance-rf-wired-noir-00004601\/","title":{"rendered":"Duco COMMANDE A DISTANCE RF\/WIRED NOIR 00004601"},"content":{"rendered":"<p>Ce dispositif de commande intelligent permet de g\u00e9rer efficacement les unit\u00e9s de ventilation Duco. Il offre un contr\u00f4le pr\u00e9cis des d\u00e9bits d\u2019air en fonction des besoins sp\u00e9cifiques de chaque pi\u00e8ce. Son design noir sobre et \u00e9l\u00e9gant en fait un accessoire discret et esth\u00e9tique. Compatible avec les syst\u00e8mes filaires et sans fil, il garantit une flexibilit\u00e9 d\u2019utilisation. Facile \u00e0 poser, il am\u00e9liore la gestion \u00e9nerg\u00e9tique des installations. Une solution id\u00e9ale pour un confort optimis\u00e9.<\/p>","protected":false},"excerpt":{"rendered":"<p>Duco COMMANDE A DISTANCE RF\/WIRED NOIR 00004601<\/p>","protected":false},"featured_media":22174,"comment_status":"open","ping_status":"closed","template":"","meta":[],"product_brand":[],"product_cat":[10943,8840],"product_tag":[],"class_list":{"0":"post-14491","1":"product","2":"type-product","3":"status-publish","4":"has-post-thumbnail","6":"product_cat-accessoires-duco","7":"product_cat-test","8":"pa_marque-duco","10":"first","11":"instock","12":"sale","13":"taxable","14":"shipping-taxable","15":"purchasable","16":"product-type-simple"},"aioseo_notices":[],"_links":{"self":[{"href":"https:\/\/promochaudiere.be\/nl\/wp-json\/wp\/v2\/product\/14491","targetHints":{"allow":["GET"]}}],"collection":[{"href":"https:\/\/promochaudiere.be\/nl\/wp-json\/wp\/v2\/product"}],"about":[{"href":"https:\/\/promochaudiere.be\/nl\/wp-json\/wp\/v2\/types\/product"}],"replies":[{"embeddable":true,"href":"https:\/\/promochaudiere.be\/nl\/wp-json\/wp\/v2\/comments?post=14491"}],"version-history":[{"count":1,"href":"https:\/\/promochaudiere.be\/nl\/wp-json\/wp\/v2\/product\/14491\/revisions"}],"predecessor-version":[{"id":45579,"href":"https:\/\/promochaudiere.be\/nl\/wp-json\/wp\/v2\/product\/14491\/revisions\/45579"}],"wp:featuredmedia":[{"embeddable":true,"href":"https:\/\/promochaudiere.be\/nl\/wp-json\/wp\/v2\/media\/22174"}],"wp:attachment":[{"href":"https:\/\/promochaudiere.be\/nl\/wp-json\/wp\/v2\/media?parent=14491"}],"wp:term":[{"taxonomy":"product_brand","embeddable":true,"href":"https:\/\/promochaudiere.be\/nl\/wp-json\/wp\/v2\/product_brand?post=14491"},{"taxonomy":"product_cat","embeddable":true,"href":"https:\/\/promochaudiere.be\/nl\/wp-json\/wp\/v2\/product_cat?post=14491"},{"taxonomy":"product_tag","embeddable":true,"href":"https:\/\/promochaudiere.be\/nl\/wp-json\/wp\/v2\/product_tag?post=14491"}],"curies":[{"name":"wp","href":"https:\/\/api.w.org\/{rel}","templated":true}]}}