{"id":14492,"date":"2025-01-17T09:52:43","date_gmt":"2025-01-17T09:52:43","guid":{"rendered":"https:\/\/promochaudiere.be\/produit\/spirotech-spirotrap-boue-magna-22-mm-ue022wj\/"},"modified":"2026-02-03T19:39:57","modified_gmt":"2026-02-03T18:39:57","slug":"spirotech-spirotrap-boue-magna-22-mm-ue022wj","status":"publish","type":"product","link":"https:\/\/promochaudiere.be\/nl\/product\/spirotech-spirotrap-boue-magna-22-mm-ue022wj\/","title":{"rendered":"Spirotech Spirotrap boue magna 22 mm  UE022WJ"},"content":{"rendered":"<p>Ce s\u00e9parateur de boues Spirotrap Magna est con\u00e7u pour capturer les impuret\u00e9s dans les circuits hydrauliques. Son raccord 22mm assure une compatibilit\u00e9 avec diverses installations. Il am\u00e9liore la circulation et r\u00e9duit les pertes \u00e9nerg\u00e9tiques. Son entretien est simple et rapide, facilitant la maintenance des syst\u00e8mes. Id\u00e9al pour prolonger la dur\u00e9e de vie des \u00e9quipements. Un accessoire essentiel pour une performance thermique optimale.<\/p>","protected":false},"excerpt":{"rendered":"<p>Spirotech Spirotrap boue magna 22 mm  UE022WJ<\/p>","protected":false},"featured_media":22339,"comment_status":"open","ping_status":"closed","template":"","meta":[],"product_brand":[],"product_cat":[5527,8840],"product_tag":[],"class_list":{"0":"post-14492","1":"product","2":"type-product","3":"status-publish","4":"has-post-thumbnail","6":"product_cat-separation-dair-et-de-boues","7":"product_cat-test","8":"pa_marque-spirotech","10":"first","11":"instock","12":"sale","13":"taxable","14":"shipping-taxable","15":"purchasable","16":"product-type-simple"},"aioseo_notices":[],"_links":{"self":[{"href":"https:\/\/promochaudiere.be\/nl\/wp-json\/wp\/v2\/product\/14492","targetHints":{"allow":["GET"]}}],"collection":[{"href":"https:\/\/promochaudiere.be\/nl\/wp-json\/wp\/v2\/product"}],"about":[{"href":"https:\/\/promochaudiere.be\/nl\/wp-json\/wp\/v2\/types\/product"}],"replies":[{"embeddable":true,"href":"https:\/\/promochaudiere.be\/nl\/wp-json\/wp\/v2\/comments?post=14492"}],"version-history":[{"count":1,"href":"https:\/\/promochaudiere.be\/nl\/wp-json\/wp\/v2\/product\/14492\/revisions"}],"predecessor-version":[{"id":53010,"href":"https:\/\/promochaudiere.be\/nl\/wp-json\/wp\/v2\/product\/14492\/revisions\/53010"}],"wp:featuredmedia":[{"embeddable":true,"href":"https:\/\/promochaudiere.be\/nl\/wp-json\/wp\/v2\/media\/22339"}],"wp:attachment":[{"href":"https:\/\/promochaudiere.be\/nl\/wp-json\/wp\/v2\/media?parent=14492"}],"wp:term":[{"taxonomy":"product_brand","embeddable":true,"href":"https:\/\/promochaudiere.be\/nl\/wp-json\/wp\/v2\/product_brand?post=14492"},{"taxonomy":"product_cat","embeddable":true,"href":"https:\/\/promochaudiere.be\/nl\/wp-json\/wp\/v2\/product_cat?post=14492"},{"taxonomy":"product_tag","embeddable":true,"href":"https:\/\/promochaudiere.be\/nl\/wp-json\/wp\/v2\/product_tag?post=14492"}],"curies":[{"name":"wp","href":"https:\/\/api.w.org\/{rel}","templated":true}]}}