{"id":14493,"date":"2025-01-17T09:52:43","date_gmt":"2025-01-17T09:52:43","guid":{"rendered":"https:\/\/promochaudiere.be\/produit\/theben-thermostat-dambiance-programmable-ram811top3-24-heures-7jours-batterie-classe-iv-2-ram811top3\/"},"modified":"2026-02-03T19:39:59","modified_gmt":"2026-02-03T18:39:59","slug":"theben-thermostat-dambiance-programmable-ram811top3-24-heures-7jours-batterie-classe-iv-2-ram811top3","status":"publish","type":"product","link":"https:\/\/promochaudiere.be\/nl\/product\/theben-thermostat-dambiance-programmable-ram811top3-24-heures-7jours-batterie-classe-iv-2-ram811top3\/","title":{"rendered":"THEBEN THERMOSTAT D&rsquo;AMBIANCE PROGRAMMABLE RAM811TOP3 24 HEURES\/7JOURS BATTERIE CLASSE IV (2%) RAM811TOP3"},"content":{"rendered":"<p>Ce thermostat programmable Theben permet de r\u00e9gler la temp\u00e9rature ambiante avec pr\u00e9cision. Son \u00e9cran digital offre une interface intuitive. Facile \u00e0 programmer, il optimise la consommation \u00e9nerg\u00e9tique. Un choix id\u00e9al pour un confort thermique sur mesure.<\/p>","protected":false},"excerpt":{"rendered":"<p>THEBEN THERMOSTAT D&rsquo;AMBIANCE PROGRAMMABLE RAM811TOP3 24 HEURES\/7JOURS BATTERIE CLASSE IV (2%) RAM811TOP3<\/p>","protected":false},"featured_media":22639,"comment_status":"open","ping_status":"closed","template":"","meta":[],"product_brand":[],"product_cat":[8840,5525],"product_tag":[],"class_list":{"0":"post-14493","1":"product","2":"type-product","3":"status-publish","4":"has-post-thumbnail","6":"product_cat-test","7":"product_cat-thermostat-theben","8":"pa_marque-theben","10":"first","11":"instock","12":"sale","13":"taxable","14":"shipping-taxable","15":"purchasable","16":"product-type-simple"},"aioseo_notices":[],"_links":{"self":[{"href":"https:\/\/promochaudiere.be\/nl\/wp-json\/wp\/v2\/product\/14493","targetHints":{"allow":["GET"]}}],"collection":[{"href":"https:\/\/promochaudiere.be\/nl\/wp-json\/wp\/v2\/product"}],"about":[{"href":"https:\/\/promochaudiere.be\/nl\/wp-json\/wp\/v2\/types\/product"}],"replies":[{"embeddable":true,"href":"https:\/\/promochaudiere.be\/nl\/wp-json\/wp\/v2\/comments?post=14493"}],"version-history":[{"count":1,"href":"https:\/\/promochaudiere.be\/nl\/wp-json\/wp\/v2\/product\/14493\/revisions"}],"predecessor-version":[{"id":53009,"href":"https:\/\/promochaudiere.be\/nl\/wp-json\/wp\/v2\/product\/14493\/revisions\/53009"}],"wp:featuredmedia":[{"embeddable":true,"href":"https:\/\/promochaudiere.be\/nl\/wp-json\/wp\/v2\/media\/22639"}],"wp:attachment":[{"href":"https:\/\/promochaudiere.be\/nl\/wp-json\/wp\/v2\/media?parent=14493"}],"wp:term":[{"taxonomy":"product_brand","embeddable":true,"href":"https:\/\/promochaudiere.be\/nl\/wp-json\/wp\/v2\/product_brand?post=14493"},{"taxonomy":"product_cat","embeddable":true,"href":"https:\/\/promochaudiere.be\/nl\/wp-json\/wp\/v2\/product_cat?post=14493"},{"taxonomy":"product_tag","embeddable":true,"href":"https:\/\/promochaudiere.be\/nl\/wp-json\/wp\/v2\/product_tag?post=14493"}],"curies":[{"name":"wp","href":"https:\/\/api.w.org\/{rel}","templated":true}]}}