{"id":14502,"date":"2025-01-17T09:52:46","date_gmt":"2025-01-17T09:52:46","guid":{"rendered":"https:\/\/promochaudiere.be\/produit\/honeywell-reducteur-pression-eau-filtre-braukmann-4-4-aa-fk061aa\/"},"modified":"2026-02-03T18:15:22","modified_gmt":"2026-02-03T17:15:22","slug":"honeywell-reducteur-pression-eau-filtre-braukmann-4-4-aa-fk061aa","status":"publish","type":"product","link":"https:\/\/promochaudiere.be\/nl\/product\/honeywell-reducteur-pression-eau-filtre-braukmann-4-4-aa-fk061aa\/","title":{"rendered":"Honeywell r\u00e9ducteur pression eau + filtre braukmann 4\/4&Prime; aa FK061AA"},"content":{"rendered":"<p>Le r\u00e9ducteur de pression Honeywell FK061AA int\u00e8gre un filtre haute performance pour prot\u00e9ger les \u00e9quipements contre les surpressions et les impuret\u00e9s. Il garantit une alimentation en eau stable et r\u00e9duit les risques de d\u00e9t\u00e9rioration des appareils sanitaires. Facile \u00e0 r\u00e9gler et \u00e0 entretenir, il am\u00e9liore la dur\u00e9e de vie des installations. Un choix id\u00e9al pour optimiser la performance des circuits d\u2019eau.<\/p>","protected":false},"excerpt":{"rendered":"<p>Honeywell r\u00e9ducteur pression eau + filtre braukmann 4\/4&Prime; aa FK061AA<\/p>","protected":false},"featured_media":21651,"comment_status":"open","ping_status":"closed","template":"","meta":[],"product_brand":[],"product_cat":[9547,8840],"product_tag":[],"class_list":{"0":"post-14502","1":"product","2":"type-product","3":"status-publish","4":"has-post-thumbnail","6":"product_cat-reducteur-deau","7":"product_cat-test","8":"pa_marque-honeywell","10":"first","11":"instock","12":"sale","13":"taxable","14":"shipping-taxable","15":"purchasable","16":"product-type-simple"},"aioseo_notices":[],"_links":{"self":[{"href":"https:\/\/promochaudiere.be\/nl\/wp-json\/wp\/v2\/product\/14502","targetHints":{"allow":["GET"]}}],"collection":[{"href":"https:\/\/promochaudiere.be\/nl\/wp-json\/wp\/v2\/product"}],"about":[{"href":"https:\/\/promochaudiere.be\/nl\/wp-json\/wp\/v2\/types\/product"}],"replies":[{"embeddable":true,"href":"https:\/\/promochaudiere.be\/nl\/wp-json\/wp\/v2\/comments?post=14502"}],"version-history":[{"count":1,"href":"https:\/\/promochaudiere.be\/nl\/wp-json\/wp\/v2\/product\/14502\/revisions"}],"predecessor-version":[{"id":45571,"href":"https:\/\/promochaudiere.be\/nl\/wp-json\/wp\/v2\/product\/14502\/revisions\/45571"}],"wp:featuredmedia":[{"embeddable":true,"href":"https:\/\/promochaudiere.be\/nl\/wp-json\/wp\/v2\/media\/21651"}],"wp:attachment":[{"href":"https:\/\/promochaudiere.be\/nl\/wp-json\/wp\/v2\/media?parent=14502"}],"wp:term":[{"taxonomy":"product_brand","embeddable":true,"href":"https:\/\/promochaudiere.be\/nl\/wp-json\/wp\/v2\/product_brand?post=14502"},{"taxonomy":"product_cat","embeddable":true,"href":"https:\/\/promochaudiere.be\/nl\/wp-json\/wp\/v2\/product_cat?post=14502"},{"taxonomy":"product_tag","embeddable":true,"href":"https:\/\/promochaudiere.be\/nl\/wp-json\/wp\/v2\/product_tag?post=14502"}],"curies":[{"name":"wp","href":"https:\/\/api.w.org\/{rel}","templated":true}]}}