{"id":14504,"date":"2025-01-17T09:52:47","date_gmt":"2025-01-17T09:52:47","guid":{"rendered":"https:\/\/promochaudiere.be\/produit\/honeywell-thermostat-dambiance-digitale-t3-programme-hebdomadaire-t3h110a0050\/"},"modified":"2026-02-03T18:15:22","modified_gmt":"2026-02-03T17:15:22","slug":"honeywell-thermostat-dambiance-digitale-t3-programme-hebdomadaire-t3h110a0050","status":"publish","type":"product","link":"https:\/\/promochaudiere.be\/nl\/product\/honeywell-thermostat-dambiance-digitale-t3-programme-hebdomadaire-t3h110a0050\/","title":{"rendered":"HONEYWELL THERMOSTAT D&rsquo;AMBIANCE DIGITALE T3 PROGRAMME HEBDOMADAIRE T3H110A0050"},"content":{"rendered":"<p>Le thermostat digital Honeywell T3 est con\u00e7u pour une programmation simple et efficace du chauffage. Son \u00e9cran LCD clair permet un r\u00e9glage intuitif des temp\u00e9ratures souhait\u00e9es. Gr\u00e2ce \u00e0 sa programmation hebdomadaire, il assure un confort optimal tout en r\u00e9duisant la consommation \u00e9nerg\u00e9tique. Son installation est rapide et compatible avec la plupart des chaudi\u00e8res. Id\u00e9al pour une gestion thermique optimis\u00e9e et automatis\u00e9e. Un accessoire essentiel pour un chauffage \u00e9conomique et confortable.<\/p>","protected":false},"excerpt":{"rendered":"<p>HONEYWELL THERMOSTAT D&rsquo;AMBIANCE DIGITALE T3 PROGRAMME HEBDOMADAIRE T3H110A0050<\/p>","protected":false},"featured_media":22569,"comment_status":"open","ping_status":"closed","template":"","meta":[],"product_brand":[],"product_cat":[8840,530],"product_tag":[],"class_list":{"0":"post-14504","1":"product","2":"type-product","3":"status-publish","4":"has-post-thumbnail","6":"product_cat-test","7":"product_cat-thermostat-honeywell","8":"pa_marque-honeywell","10":"first","11":"instock","12":"sale","13":"taxable","14":"shipping-taxable","15":"purchasable","16":"product-type-simple"},"aioseo_notices":[],"_links":{"self":[{"href":"https:\/\/promochaudiere.be\/nl\/wp-json\/wp\/v2\/product\/14504","targetHints":{"allow":["GET"]}}],"collection":[{"href":"https:\/\/promochaudiere.be\/nl\/wp-json\/wp\/v2\/product"}],"about":[{"href":"https:\/\/promochaudiere.be\/nl\/wp-json\/wp\/v2\/types\/product"}],"replies":[{"embeddable":true,"href":"https:\/\/promochaudiere.be\/nl\/wp-json\/wp\/v2\/comments?post=14504"}],"version-history":[{"count":1,"href":"https:\/\/promochaudiere.be\/nl\/wp-json\/wp\/v2\/product\/14504\/revisions"}],"predecessor-version":[{"id":45568,"href":"https:\/\/promochaudiere.be\/nl\/wp-json\/wp\/v2\/product\/14504\/revisions\/45568"}],"wp:featuredmedia":[{"embeddable":true,"href":"https:\/\/promochaudiere.be\/nl\/wp-json\/wp\/v2\/media\/22569"}],"wp:attachment":[{"href":"https:\/\/promochaudiere.be\/nl\/wp-json\/wp\/v2\/media?parent=14504"}],"wp:term":[{"taxonomy":"product_brand","embeddable":true,"href":"https:\/\/promochaudiere.be\/nl\/wp-json\/wp\/v2\/product_brand?post=14504"},{"taxonomy":"product_cat","embeddable":true,"href":"https:\/\/promochaudiere.be\/nl\/wp-json\/wp\/v2\/product_cat?post=14504"},{"taxonomy":"product_tag","embeddable":true,"href":"https:\/\/promochaudiere.be\/nl\/wp-json\/wp\/v2\/product_tag?post=14504"}],"curies":[{"name":"wp","href":"https:\/\/api.w.org\/{rel}","templated":true}]}}