{"id":14505,"date":"2025-01-17T09:52:48","date_gmt":"2025-01-17T09:52:48","guid":{"rendered":"https:\/\/promochaudiere.be\/produit\/duco-capteur-dhumidite-rf-230vac-00004206\/"},"modified":"2026-02-03T18:15:22","modified_gmt":"2026-02-03T17:15:22","slug":"duco-capteur-dhumidite-rf-230vac-00004206","status":"publish","type":"product","link":"https:\/\/promochaudiere.be\/nl\/product\/duco-capteur-dhumidite-rf-230vac-00004206\/","title":{"rendered":"DUCO CAPTEUR D&rsquo;HUMIDITE RF\/230VAC 00004206"},"content":{"rendered":"<p>Ce capteur d\u2019humidit\u00e9 d\u00e9tecte les variations de taux d\u2019humidit\u00e9 pour r\u00e9guler automatiquement la ventilation. Il pr\u00e9vient la formation de moisissures et am\u00e9liore la qualit\u00e9 de l\u2019air. Son fonctionnement RF\/230VAC permet une int\u00e9gration flexible aux syst\u00e8mes de ventilation existants. Compact et performant, il assure une d\u00e9tection pr\u00e9cise et rapide. Facile \u00e0 installer, il optimise le confort int\u00e9rieur. Une solution efficace pour un air sain et ma\u00eetris\u00e9.<\/p>","protected":false},"excerpt":{"rendered":"<p>DUCO CAPTEUR D&rsquo;HUMIDITE RF\/230VAC 00004206<\/p>","protected":false},"featured_media":22095,"comment_status":"open","ping_status":"closed","template":"","meta":[],"product_brand":[],"product_cat":[10943,8840],"product_tag":[],"class_list":{"0":"post-14505","1":"product","2":"type-product","3":"status-publish","4":"has-post-thumbnail","6":"product_cat-accessoires-duco","7":"product_cat-test","8":"pa_marque-duco","10":"first","11":"outofstock","12":"sale","13":"taxable","14":"shipping-taxable","15":"purchasable","16":"product-type-simple"},"aioseo_notices":[],"_links":{"self":[{"href":"https:\/\/promochaudiere.be\/nl\/wp-json\/wp\/v2\/product\/14505","targetHints":{"allow":["GET"]}}],"collection":[{"href":"https:\/\/promochaudiere.be\/nl\/wp-json\/wp\/v2\/product"}],"about":[{"href":"https:\/\/promochaudiere.be\/nl\/wp-json\/wp\/v2\/types\/product"}],"replies":[{"embeddable":true,"href":"https:\/\/promochaudiere.be\/nl\/wp-json\/wp\/v2\/comments?post=14505"}],"version-history":[{"count":1,"href":"https:\/\/promochaudiere.be\/nl\/wp-json\/wp\/v2\/product\/14505\/revisions"}],"predecessor-version":[{"id":45566,"href":"https:\/\/promochaudiere.be\/nl\/wp-json\/wp\/v2\/product\/14505\/revisions\/45566"}],"wp:featuredmedia":[{"embeddable":true,"href":"https:\/\/promochaudiere.be\/nl\/wp-json\/wp\/v2\/media\/22095"}],"wp:attachment":[{"href":"https:\/\/promochaudiere.be\/nl\/wp-json\/wp\/v2\/media?parent=14505"}],"wp:term":[{"taxonomy":"product_brand","embeddable":true,"href":"https:\/\/promochaudiere.be\/nl\/wp-json\/wp\/v2\/product_brand?post=14505"},{"taxonomy":"product_cat","embeddable":true,"href":"https:\/\/promochaudiere.be\/nl\/wp-json\/wp\/v2\/product_cat?post=14505"},{"taxonomy":"product_tag","embeddable":true,"href":"https:\/\/promochaudiere.be\/nl\/wp-json\/wp\/v2\/product_tag?post=14505"}],"curies":[{"name":"wp","href":"https:\/\/api.w.org\/{rel}","templated":true}]}}