{"id":14508,"date":"2025-01-17T09:52:51","date_gmt":"2025-01-17T09:52:51","guid":{"rendered":"https:\/\/promochaudiere.be\/produit\/sanicondens-best-adaptateurs-inclus-97936176\/"},"modified":"2026-02-03T18:15:24","modified_gmt":"2026-02-03T17:15:24","slug":"sanicondens-best-adaptateurs-inclus-97936176","status":"publish","type":"product","link":"https:\/\/promochaudiere.be\/nl\/product\/sanicondens-best-adaptateurs-inclus-97936176\/","title":{"rendered":"Sanicondens Best adaptateurs inclus  97936176"},"content":{"rendered":"<p>Le Sanicondens Best est un dispositif compact et performant con\u00e7u pour l\u2019\u00e9vacuation des condensats acides des chaudi\u00e8res \u00e0 condensation. Il est livr\u00e9 avec des adaptateurs pour une installation facile. Son syst\u00e8me de neutralisation int\u00e9gr\u00e9 prot\u00e8ge les canalisations contre la corrosion. Id\u00e9al pour les installations domestiques et industrielles, il assure un fonctionnement fiable et sans entretien fr\u00e9quent. Une solution pratique pour \u00e9vacuer efficacement les condensats.<\/p>","protected":false},"excerpt":{"rendered":"<p>Sanicondens Best adaptateurs inclus  97936176<\/p>","protected":false},"featured_media":21655,"comment_status":"open","ping_status":"closed","template":"","meta":[],"product_brand":[],"product_cat":[706,8840],"product_tag":[],"class_list":{"0":"post-14508","1":"product","2":"type-product","3":"status-publish","4":"has-post-thumbnail","6":"product_cat-pompe-hydrophore","7":"product_cat-test","9":"first","10":"instock","11":"sale","12":"taxable","13":"shipping-taxable","14":"purchasable","15":"product-type-simple"},"aioseo_notices":[],"_links":{"self":[{"href":"https:\/\/promochaudiere.be\/nl\/wp-json\/wp\/v2\/product\/14508","targetHints":{"allow":["GET"]}}],"collection":[{"href":"https:\/\/promochaudiere.be\/nl\/wp-json\/wp\/v2\/product"}],"about":[{"href":"https:\/\/promochaudiere.be\/nl\/wp-json\/wp\/v2\/types\/product"}],"replies":[{"embeddable":true,"href":"https:\/\/promochaudiere.be\/nl\/wp-json\/wp\/v2\/comments?post=14508"}],"version-history":[{"count":1,"href":"https:\/\/promochaudiere.be\/nl\/wp-json\/wp\/v2\/product\/14508\/revisions"}],"predecessor-version":[{"id":53006,"href":"https:\/\/promochaudiere.be\/nl\/wp-json\/wp\/v2\/product\/14508\/revisions\/53006"}],"wp:featuredmedia":[{"embeddable":true,"href":"https:\/\/promochaudiere.be\/nl\/wp-json\/wp\/v2\/media\/21655"}],"wp:attachment":[{"href":"https:\/\/promochaudiere.be\/nl\/wp-json\/wp\/v2\/media?parent=14508"}],"wp:term":[{"taxonomy":"product_brand","embeddable":true,"href":"https:\/\/promochaudiere.be\/nl\/wp-json\/wp\/v2\/product_brand?post=14508"},{"taxonomy":"product_cat","embeddable":true,"href":"https:\/\/promochaudiere.be\/nl\/wp-json\/wp\/v2\/product_cat?post=14508"},{"taxonomy":"product_tag","embeddable":true,"href":"https:\/\/promochaudiere.be\/nl\/wp-json\/wp\/v2\/product_tag?post=14508"}],"curies":[{"name":"wp","href":"https:\/\/api.w.org\/{rel}","templated":true}]}}