{"id":14509,"date":"2025-01-17T09:52:51","date_gmt":"2025-01-17T09:52:51","guid":{"rendered":"https:\/\/promochaudiere.be\/produit\/echangeur-sanitaire-14-plaques-0020186153\/"},"modified":"2026-02-03T18:15:25","modified_gmt":"2026-02-03T17:15:25","slug":"echangeur-sanitaire-14-plaques-0020186153","status":"publish","type":"product","link":"https:\/\/promochaudiere.be\/nl\/product\/echangeur-sanitaire-14-plaques-0020186153\/","title":{"rendered":"ECHANGEUR SANITAIRE, 14 PLAQUES 0020186153"},"content":{"rendered":"<p>Cet \u00e9changeur sanitaire \u00e0 14 plaques assure un transfert thermique efficace pour la production d\u2019eau chaude. Il garantit une mont\u00e9e rapide en temp\u00e9rature et une consommation d\u2019\u00e9nergie optimis\u00e9e. Fabriqu\u00e9 en acier inoxydable, il offre une durabilit\u00e9 exceptionnelle. Facile \u00e0 installer, il am\u00e9liore le rendement des chaudi\u00e8res. Un \u00e9l\u00e9ment cl\u00e9 pour un confort thermique constant.<\/p>","protected":false},"excerpt":{"rendered":"<p>ECHANGEUR SANITAIRE, 14 PLAQUES 0020186153<\/p>","protected":false},"featured_media":21880,"comment_status":"open","ping_status":"closed","template":"","meta":[],"product_brand":[],"product_cat":[9507,8840],"product_tag":[],"class_list":{"0":"post-14509","1":"product","2":"type-product","3":"status-publish","4":"has-post-thumbnail","6":"product_cat-pieces-detachees-bulex","7":"product_cat-test","8":"pa_marque-bulex","10":"first","11":"instock","12":"sale","13":"taxable","14":"shipping-taxable","15":"purchasable","16":"product-type-simple"},"aioseo_notices":[],"_links":{"self":[{"href":"https:\/\/promochaudiere.be\/nl\/wp-json\/wp\/v2\/product\/14509","targetHints":{"allow":["GET"]}}],"collection":[{"href":"https:\/\/promochaudiere.be\/nl\/wp-json\/wp\/v2\/product"}],"about":[{"href":"https:\/\/promochaudiere.be\/nl\/wp-json\/wp\/v2\/types\/product"}],"replies":[{"embeddable":true,"href":"https:\/\/promochaudiere.be\/nl\/wp-json\/wp\/v2\/comments?post=14509"}],"version-history":[{"count":1,"href":"https:\/\/promochaudiere.be\/nl\/wp-json\/wp\/v2\/product\/14509\/revisions"}],"predecessor-version":[{"id":45563,"href":"https:\/\/promochaudiere.be\/nl\/wp-json\/wp\/v2\/product\/14509\/revisions\/45563"}],"wp:featuredmedia":[{"embeddable":true,"href":"https:\/\/promochaudiere.be\/nl\/wp-json\/wp\/v2\/media\/21880"}],"wp:attachment":[{"href":"https:\/\/promochaudiere.be\/nl\/wp-json\/wp\/v2\/media?parent=14509"}],"wp:term":[{"taxonomy":"product_brand","embeddable":true,"href":"https:\/\/promochaudiere.be\/nl\/wp-json\/wp\/v2\/product_brand?post=14509"},{"taxonomy":"product_cat","embeddable":true,"href":"https:\/\/promochaudiere.be\/nl\/wp-json\/wp\/v2\/product_cat?post=14509"},{"taxonomy":"product_tag","embeddable":true,"href":"https:\/\/promochaudiere.be\/nl\/wp-json\/wp\/v2\/product_tag?post=14509"}],"curies":[{"name":"wp","href":"https:\/\/api.w.org\/{rel}","templated":true}]}}