{"id":14510,"date":"2025-01-17T09:52:51","date_gmt":"2025-01-17T09:52:51","guid":{"rendered":"https:\/\/promochaudiere.be\/produit\/vaillant-capteur-vr-21-dcf-vrc430vrc470-0020028538\/"},"modified":"2026-02-03T18:15:25","modified_gmt":"2026-02-03T17:15:25","slug":"vaillant-capteur-vr-21-dcf-vrc430vrc470-0020028538","status":"publish","type":"product","link":"https:\/\/promochaudiere.be\/nl\/product\/vaillant-capteur-vr-21-dcf-vrc430vrc470-0020028538\/","title":{"rendered":"Vaillant capteur, VR 21 (DCF) VRC430+VRC470 0020028538"},"content":{"rendered":"<p>Ce capteur Vaillant est con\u00e7u pour mesurer pr\u00e9cis\u00e9ment la temp\u00e9rature ext\u00e9rieure et ajuster automatiquement la puissance de chauffage. Il am\u00e9liore le confort thermique tout en r\u00e9duisant la consommation \u00e9nerg\u00e9tique. Son installation rapide garantit une compatibilit\u00e9 optimale avec les r\u00e9gulations VRC430 et VRC470. Un composant cl\u00e9 pour un chauffage intelligent et \u00e9conomique.<\/p>","protected":false},"excerpt":{"rendered":"<p>Vaillant capteur, VR 21 (DCF) VRC430+VRC470 0020028538<\/p>","protected":false},"featured_media":22812,"comment_status":"open","ping_status":"closed","template":"","meta":[],"product_brand":[],"product_cat":[8917,8840],"product_tag":[],"class_list":{"0":"post-14510","1":"product","2":"type-product","3":"status-publish","4":"has-post-thumbnail","6":"product_cat-pieces-detachees-vaillant","7":"product_cat-test","8":"pa_marque-vaillant","10":"first","11":"instock","12":"sale","13":"taxable","14":"shipping-taxable","15":"purchasable","16":"product-type-simple"},"aioseo_notices":[],"_links":{"self":[{"href":"https:\/\/promochaudiere.be\/nl\/wp-json\/wp\/v2\/product\/14510","targetHints":{"allow":["GET"]}}],"collection":[{"href":"https:\/\/promochaudiere.be\/nl\/wp-json\/wp\/v2\/product"}],"about":[{"href":"https:\/\/promochaudiere.be\/nl\/wp-json\/wp\/v2\/types\/product"}],"replies":[{"embeddable":true,"href":"https:\/\/promochaudiere.be\/nl\/wp-json\/wp\/v2\/comments?post=14510"}],"version-history":[{"count":1,"href":"https:\/\/promochaudiere.be\/nl\/wp-json\/wp\/v2\/product\/14510\/revisions"}],"predecessor-version":[{"id":53005,"href":"https:\/\/promochaudiere.be\/nl\/wp-json\/wp\/v2\/product\/14510\/revisions\/53005"}],"wp:featuredmedia":[{"embeddable":true,"href":"https:\/\/promochaudiere.be\/nl\/wp-json\/wp\/v2\/media\/22812"}],"wp:attachment":[{"href":"https:\/\/promochaudiere.be\/nl\/wp-json\/wp\/v2\/media?parent=14510"}],"wp:term":[{"taxonomy":"product_brand","embeddable":true,"href":"https:\/\/promochaudiere.be\/nl\/wp-json\/wp\/v2\/product_brand?post=14510"},{"taxonomy":"product_cat","embeddable":true,"href":"https:\/\/promochaudiere.be\/nl\/wp-json\/wp\/v2\/product_cat?post=14510"},{"taxonomy":"product_tag","embeddable":true,"href":"https:\/\/promochaudiere.be\/nl\/wp-json\/wp\/v2\/product_tag?post=14510"}],"curies":[{"name":"wp","href":"https:\/\/api.w.org\/{rel}","templated":true}]}}