{"id":14512,"date":"2025-01-17T09:52:52","date_gmt":"2025-01-17T09:52:52","guid":{"rendered":"https:\/\/promochaudiere.be\/produit\/bwt-filtre-europafilter-wf-diametre-3-4-820132\/"},"modified":"2026-02-03T18:15:28","modified_gmt":"2026-02-03T17:15:28","slug":"bwt-filtre-europafilter-wf-diametre-3-4-820132","status":"publish","type":"product","link":"https:\/\/promochaudiere.be\/nl\/product\/bwt-filtre-europafilter-wf-diametre-3-4-820132\/","title":{"rendered":"BWT filtre europafilter WF diam\u00e8tre 3\/4 820132"},"content":{"rendered":"<p>Ce filtre BWT Europafilter WF prot\u00e8ge les installations hydrauliques en \u00e9liminant les impuret\u00e9s pr\u00e9sentes dans l\u2019eau. Il garantit une eau plus propre et prolonge la dur\u00e9e de vie des \u00e9quipements sanitaires. Son installation est rapide et son entretien simple. Un choix id\u00e9al pour pr\u00e9server la qualit\u00e9 de l\u2019eau et \u00e9viter l\u2019encrassement des circuits.<\/p>","protected":false},"excerpt":{"rendered":"<p>BWT filtre europafilter WF diam\u00e8tre 3\/4 820132<\/p>","protected":false},"featured_media":21360,"comment_status":"open","ping_status":"closed","template":"","meta":[],"product_brand":[],"product_cat":[336,8840],"product_tag":[],"class_list":{"0":"post-14512","1":"product","2":"type-product","3":"status-publish","4":"has-post-thumbnail","6":"product_cat-filtre-traitement-deau","7":"product_cat-test","8":"pa_marque-bwt","10":"first","11":"instock","12":"sale","13":"taxable","14":"shipping-taxable","15":"purchasable","16":"product-type-simple"},"aioseo_notices":[],"_links":{"self":[{"href":"https:\/\/promochaudiere.be\/nl\/wp-json\/wp\/v2\/product\/14512","targetHints":{"allow":["GET"]}}],"collection":[{"href":"https:\/\/promochaudiere.be\/nl\/wp-json\/wp\/v2\/product"}],"about":[{"href":"https:\/\/promochaudiere.be\/nl\/wp-json\/wp\/v2\/types\/product"}],"replies":[{"embeddable":true,"href":"https:\/\/promochaudiere.be\/nl\/wp-json\/wp\/v2\/comments?post=14512"}],"version-history":[{"count":1,"href":"https:\/\/promochaudiere.be\/nl\/wp-json\/wp\/v2\/product\/14512\/revisions"}],"predecessor-version":[{"id":45562,"href":"https:\/\/promochaudiere.be\/nl\/wp-json\/wp\/v2\/product\/14512\/revisions\/45562"}],"wp:featuredmedia":[{"embeddable":true,"href":"https:\/\/promochaudiere.be\/nl\/wp-json\/wp\/v2\/media\/21360"}],"wp:attachment":[{"href":"https:\/\/promochaudiere.be\/nl\/wp-json\/wp\/v2\/media?parent=14512"}],"wp:term":[{"taxonomy":"product_brand","embeddable":true,"href":"https:\/\/promochaudiere.be\/nl\/wp-json\/wp\/v2\/product_brand?post=14512"},{"taxonomy":"product_cat","embeddable":true,"href":"https:\/\/promochaudiere.be\/nl\/wp-json\/wp\/v2\/product_cat?post=14512"},{"taxonomy":"product_tag","embeddable":true,"href":"https:\/\/promochaudiere.be\/nl\/wp-json\/wp\/v2\/product_tag?post=14512"}],"curies":[{"name":"wp","href":"https:\/\/api.w.org\/{rel}","templated":true}]}}