{"id":14519,"date":"2025-01-17T09:52:55","date_gmt":"2025-01-17T09:52:55","guid":{"rendered":"https:\/\/promochaudiere.be\/produit\/dab-pressostat-electrique-presscontrol-control-d-g-60180931\/"},"modified":"2026-02-03T19:40:00","modified_gmt":"2026-02-03T18:40:00","slug":"dab-pressostat-electrique-presscontrol-control-d-g-60180931","status":"publish","type":"product","link":"https:\/\/promochaudiere.be\/nl\/product\/dab-pressostat-electrique-presscontrol-control-d-g-60180931\/","title":{"rendered":"DAB pressostat electrique presscontrol CONTROL-D G 60180931"},"content":{"rendered":"<p>Le pressostat \u00e9lectrique DAB Control-D assure un contr\u00f4le automatique de la pression pour optimiser le fonctionnement des pompes. Il prot\u00e8ge les installations contre les variations de pression et les surcharges. Facile \u00e0 installer, il garantit un fonctionnement fiable et s\u00e9curis\u00e9.<\/p>","protected":false},"excerpt":{"rendered":"<p>DAB pressostat electrique presscontrol CONTROL-D G 60180931<\/p>","protected":false},"featured_media":22024,"comment_status":"open","ping_status":"closed","template":"","meta":[],"product_brand":[],"product_cat":[5491,8840],"product_tag":[],"class_list":{"0":"post-14519","1":"product","2":"type-product","3":"status-publish","4":"has-post-thumbnail","6":"product_cat-accessoires-fr","7":"product_cat-test","8":"pa_marque-dab","10":"first","11":"instock","12":"sale","13":"taxable","14":"shipping-taxable","15":"purchasable","16":"product-type-simple"},"aioseo_notices":[],"_links":{"self":[{"href":"https:\/\/promochaudiere.be\/nl\/wp-json\/wp\/v2\/product\/14519","targetHints":{"allow":["GET"]}}],"collection":[{"href":"https:\/\/promochaudiere.be\/nl\/wp-json\/wp\/v2\/product"}],"about":[{"href":"https:\/\/promochaudiere.be\/nl\/wp-json\/wp\/v2\/types\/product"}],"replies":[{"embeddable":true,"href":"https:\/\/promochaudiere.be\/nl\/wp-json\/wp\/v2\/comments?post=14519"}],"version-history":[{"count":1,"href":"https:\/\/promochaudiere.be\/nl\/wp-json\/wp\/v2\/product\/14519\/revisions"}],"predecessor-version":[{"id":45554,"href":"https:\/\/promochaudiere.be\/nl\/wp-json\/wp\/v2\/product\/14519\/revisions\/45554"}],"wp:featuredmedia":[{"embeddable":true,"href":"https:\/\/promochaudiere.be\/nl\/wp-json\/wp\/v2\/media\/22024"}],"wp:attachment":[{"href":"https:\/\/promochaudiere.be\/nl\/wp-json\/wp\/v2\/media?parent=14519"}],"wp:term":[{"taxonomy":"product_brand","embeddable":true,"href":"https:\/\/promochaudiere.be\/nl\/wp-json\/wp\/v2\/product_brand?post=14519"},{"taxonomy":"product_cat","embeddable":true,"href":"https:\/\/promochaudiere.be\/nl\/wp-json\/wp\/v2\/product_cat?post=14519"},{"taxonomy":"product_tag","embeddable":true,"href":"https:\/\/promochaudiere.be\/nl\/wp-json\/wp\/v2\/product_tag?post=14519"}],"curies":[{"name":"wp","href":"https:\/\/api.w.org\/{rel}","templated":true}]}}